{"id":2301,"date":"2026-02-11T21:38:10","date_gmt":"2026-02-11T20:38:10","guid":{"rendered":"https:\/\/ottostudio-props.com\/about-us\/"},"modified":"2026-02-12T11:29:19","modified_gmt":"2026-02-12T10:29:19","slug":"rolunk","status":"publish","type":"page","link":"https:\/\/ottostudio-props.com\/hu\/rolunk\/","title":{"rendered":"R\u00f3lunk"},"content":{"rendered":"<style>.gspb_container-id-gsbp-5547900{flex-direction:column;box-sizing:border-box;}#gspb_container-id-gsbp-5547900.gspb_container > p:last-of-type{margin-bottom:0}#gspb_container-id-gsbp-5547900.gspb_container{position:relative;}#gspb_container-id-gsbp-5547900.gspb_container{display:flex;flex-direction:column;justify-content:center;}#gspb_container-id-gsbp-5547900.gspb_container{margin-bottom:70px;}#gspb_container-id-gsbp-5547900.gspb_container{background-size:cover;background-repeat:no-repeat;}#gspb_container-id-gsbp-5547900.gspb_container{background-image:url(https:\/\/ottostudio-props.com\/wp-content\/uploads\/2026\/02\/ottos-studio-props-header-image.jpg);}#gspb_container-id-gsbp-5547900.gspb_container:hover{background-size:cover;}#gspb_container-id-gsbp-5547900.gspb_container > .gspb_backgroundOverlay{position:absolute;top:0;left:0;width:100%;height:100%;z-index:-1;}#gspb_container-id-gsbp-5547900.gspb_container > .gspb_backgroundOverlay{background-color:#000000c7;}#gspb_container-id-gsbp-5547900.gspb_container{isolation:isolate;}body.gspb-bodyfront #gspb_container-id-gsbp-5547900.gspb_container{height:40vh;}<\/style>\n<div class=\"wp-block-greenshift-blocks-container alignfull gspb_container gspb_container-gsbp-5547900\" id=\"gspb_container-id-gsbp-5547900\"><div class=\"gspb_backgroundOverlay\"><\/div><style>.gspb_text-id-gsbp-80115ef{text-transform:uppercase;}.gspb_text-id-gsbp-80115ef{font-size:.85em;line-height:min;}.gspb_text-id-gsbp-80115ef{letter-spacing:6px;}.gspb_text-id-gsbp-80115ef,.gspb_text-id-gsbp-80115ef .gsap-g-line{text-align:center!important;}.gspb_text-id-gsbp-80115ef{font-weight:500!important;}.gspb_text-id-gsbp-80115ef{color:var(--wp--preset--color--palette-color-8,var(--theme-palette-color-8,#ffffff));}<\/style>\n<div id=\"gspb_text-id-gsbp-80115ef\" class=\"gspb_text gspb_text-id-gsbp-80115ef \">Ottostudio Props<\/div>\n\n\n<style>#gspb_heading-id-gsbp-2bfee00,#gspb_heading-id-gsbp-2bfee00 .gsap-g-line{text-align:center!important;}#gspb_heading-id-gsbp-2bfee00{color:var(--wp--preset--color--palette-color-8,var(--theme-palette-color-8,#ffffff));}<\/style>\n<h1 id=\"gspb_heading-id-gsbp-2bfee00\" class=\"original-font gspb_heading gspb_heading-id-gsbp-2bfee00 \">R\u00f3lunk<\/h1>\n<\/div>\n\n\n<style>.gspb_container-id-gsbp-5e8d116{flex-direction:column;box-sizing:border-box;}#gspb_container-id-gsbp-5e8d116.gspb_container > p:last-of-type{margin-bottom:0}#gspb_container-id-gsbp-5e8d116.gspb_container{position:relative;}#gspb_container-id-gsbp-5e8d116.gspb_container{display:flex;flex-direction:column;align-items:center;}#gspb_container-id-gsbp-5e8d116.gspb_container{padding-bottom:70px;}#gspb_container-id-gsbp-5e8d116.gspb_container{background-image:url(https:\/\/ottostudio-props.com\/wp-content\/uploads\/2025\/12\/kereszt-pattern.svg);}#gspb_container-id-gsbp-5e8d116.gspb_container > .gspb_backgroundOverlay{position:absolute;top:0;left:0;width:100%;height:100%;z-index:-1;}#gspb_container-id-gsbp-5e8d116.gspb_container > .gspb_backgroundOverlay{opacity:0.7}#gspb_container-id-gsbp-5e8d116.gspb_container > .gspb_backgroundOverlay{background-color:#ffffff;}#gspb_container-id-gsbp-5e8d116.gspb_container{isolation:isolate;}<\/style>\n<div class=\"wp-block-greenshift-blocks-container alignfull gspb_container gspb_container-gsbp-5e8d116\" id=\"gspb_container-id-gsbp-5e8d116\"><div class=\"gspb_backgroundOverlay\"><\/div><style>.gspb_container-id-gsbp-b9f5658{flex-direction:column;box-sizing:border-box;}#gspb_container-id-gsbp-b9f5658.gspb_container > p:last-of-type{margin-bottom:0}#gspb_container-id-gsbp-b9f5658.gspb_container{position:relative;}#gspb_container-id-gsbp-b9f5658.gspb_container{width:1100px;max-width:94vw;}<\/style>\n<div class=\"wp-block-greenshift-blocks-container gspb_container gspb_container-gsbp-b9f5658\" id=\"gspb_container-id-gsbp-b9f5658\"><style>#gspb_row-id-gsbp-b643bef{justify-content:space-between;margin-top:0px;margin-bottom:0px;display:flex;flex-wrap:wrap;}#gspb_row-id-gsbp-b643bef > .gspb_row__content{display:flex;justify-content:space-between;margin:0 auto;width:100%;flex-wrap:wrap;}.gspb_row{position:relative;}div[id^=gspb_col-id]{box-sizing:border-box;position:relative;}body.gspb-bodyfront #gspb_row-id-gsbp-b643bef > .gspb_row__content{width:var(--theme-container-width,1200px);}body.gspb-bodyfront #gspb_row-id-gsbp-b643bef > .gspb_row__content{max-width:var(--theme-normal-container-max-width,1200px);}<\/style>\n<div class=\"wp-block-greenshift-blocks-row gspb_row gspb_row-id-gsbp-b643bef gspb_row--gutter-custom-0\" id=\"gspb_row-id-gsbp-b643bef\"><div class=\"gspb_row__content\"> <style>#gspb_col-id-gsbp-a2a8bd5.gspb_row__col--4{width:calc(33.333333333333336% - 35px);}@media (max-width:999.98px){#gspb_col-id-gsbp-a2a8bd5.gspb_row__col--4{width:calc(50% - 35px);}}@media (max-width:689.98px){#gspb_col-id-gsbp-a2a8bd5.gspb_row__col--4{width:calc(50% - 35px);}}@media (max-width:689.98px){#gspb_col-id-gsbp-a2a8bd5.gspb_row__col--4{width:100%;}}<\/style>\n<div class=\"wp-block-greenshift-blocks-row-column gspb_row__col--4 gspb_row__col--md-6 gspb_col-id-gsbp-a2a8bd5\" id=\"gspb_col-id-gsbp-a2a8bd5\"><style>#gspb_heading-id-gsbp-9665062{font-size:65px;line-height:1.1em;}<\/style>\n<h2 id=\"gspb_heading-id-gsbp-9665062\" class=\"original-font gspb_heading gspb_heading-id-gsbp-9665062 \">Ismerjen meg Minket<\/h2>\n<\/div>\n\n\n<style>#gspb_col-id-gsbp-9ba86d1.gspb_row__col--8{width:calc(66.66666666666667% - 35px);}@media (max-width:999.98px){#gspb_col-id-gsbp-9ba86d1.gspb_row__col--8{width:calc(50% - 35px);}}@media (max-width:689.98px){#gspb_col-id-gsbp-9ba86d1.gspb_row__col--8{width:calc(50% - 35px);}}@media (max-width:689.98px){#gspb_col-id-gsbp-9ba86d1.gspb_row__col--8{width:100%;}}<\/style>\n<div class=\"wp-block-greenshift-blocks-row-column gspb_row__col--8 gspb_row__col--md-6 gspb_col-id-gsbp-9ba86d1\" id=\"gspb_col-id-gsbp-9ba86d1\"><style>.gspb_text-id-gsbp-0a09f35{font-size:17px;line-height:2.2em;}.gspb_text-id-gsbp-0a09f35{font-weight:300!important;}.gspb_text-id-gsbp-0a09f35{color:var(--wp--preset--color--palette-color-4,var(--theme-palette-color-4,#3A3029));}<\/style>\n<div id=\"gspb_text-id-gsbp-0a09f35\" class=\"gspb_text gspb_text-id-gsbp-0a09f35 \">Csapatunk k\u00f6zel 30 \u00e9ve unik\u00e1lis l\u00e1tv\u00e1nyvil\u00e1gok megteremt\u00e9s\u00e9n dolgozik, innen is j\u00f6tt az \u00f6tlet, hogy az egyed\u00fcl\u00e1ll\u00f3 t\u00e1rgy-anyagunkat b\u00e9rl\u00e9sre aj\u00e1nljuk fot\u00f3z\u00e1shoz, rekl\u00e1mfilmekhez vagy teljes mozifilmekhez.<br><br>Egyre b\u0151v\u00fcl\u0151 t\u00e1rgyk\u00f6r\u00fcnkbe legink\u00e1bb a \u2018hard prop \u00e9s set decoration\u2019 tartozik, egyedi, ipari \u00e9s vintage t\u00e1rgyak melyek \u2018sosem l\u00e1tott\u2019 l\u00e1tv\u00e1nyvil\u00e1got k\u00e9pesek megjelen\u00edteni. Rendelkez\u00fcnk olyan k\u00fcl\u00f6nleges nagym\u00e9ret\u0171 egyedi d\u00edszletelemekkel amelyek a -speci\u00e1lis helysz\u00edneken k\u00edv\u00fcl- nem megszokottak \u00e9s azonnal rendelkez\u00e9sre \u00e1llnak studio munk\u00e1ra. Nagym\u00e9ret\u0171, nagyt\u00f6meg\u0171 t\u00e1rgyaink fel vannak k\u00e9sz\u00edtve a gyors, hat\u00e9kony \u00e9s biztons\u00e1gos mozgat\u00e1sra, riggel\u00e9sre.<br><br>T\u00e1rgyaink m\u00e1s m\u00f3don nehezen hozz\u00e1f\u00e9rhet\u0151ek, sz\u00e9les asszoci\u00e1ci\u00f3s lehet\u0151s\u00e9get \u00e9s magas min\u0151s\u00e9g\u0171 l\u00e1tv\u00e1nyt ny\u00fajtanak.<br><br>A produkci\u00f3 seg\u00edts\u00e9g\u00e9re tudunk lenni a tervez\u00e9st\u0151l a teljesk\u00f6r\u0171 kivitelez\u00e9sig, install\u00e1l\u00e1sig, legyen sz\u00f3 ak\u00e1r egyedi kell\u00e9k vagy d\u00edszlet-d\u00edszletelem gy\u00e1rt\u00e1s\u00e1r\u00f3l.<br><br>B\u00fcszk\u00e9k vagyunk a kompetenci\u00e1nkra a magas min\u0151s\u00e9g\u0171 m\u00e9rn\u00f6ki \u00e9s iparm\u0171v\u00e9szeti f\u00e9mszerkezetek tervez\u00e9s\u00e9ben -gy\u00e1rt\u00e1s\u00e1ban- telep\u00edt\u00e9s\u00e9ben minden m\u00e9rettartom\u00e1nyban: -a marokba ill\u0151t\u0151l az \u00e9p\u00fclet dimenzi\u00f3ig.<br><br>A CAD-CAM tervez\u00e9s-gy\u00e1rt\u00e1s mellett n\u00e9h\u00e1ny archaikus technol\u00f3gi\u00e1val is rendelkez\u00fcnk, de amit f\u0151 \u00e9rt\u00e9k\u00fcnknek gondolunk az a tervez\u00e9s-gy\u00e1rt\u00e1ssal \u00f6sszef\u00fcgg\u0151 \u2018mind-set\u2019-\u00fcnk; -a tapasztalatunk, \u00f6sszeszedetts\u00e9g\u00fcnk \u00e9s f\u00f3kuszunk.<\/div>\n<\/div>\n <\/div><\/div>\n<\/div>\n<\/div>\n","protected":false},"excerpt":{"rendered":"","protected":false},"author":1,"featured_media":0,"parent":0,"menu_order":0,"comment_status":"closed","ping_status":"closed","template":"","meta":{"_seopress_robots_primary_cat":"","_seopress_titles_title":"","_seopress_titles_desc":"","_seopress_robots_index":"","_gspb_post_css":"","iawp_total_views":1,"footnotes":""},"hf_cat_page":[],"class_list":["post-2301","page","type-page","status-publish","hentry"],"blocksy_meta":{"has_hero_section":"disabled","styles_descriptor":{"styles":{"desktop":"","tablet":"","mobile":""},"google_fonts":[],"version":6},"vertical_spacing_source":"custom","content_area_spacing":"none"},"_links":{"self":[{"href":"https:\/\/ottostudio-props.com\/hu\/wp-json\/wp\/v2\/pages\/2301","targetHints":{"allow":["GET"]}}],"collection":[{"href":"https:\/\/ottostudio-props.com\/hu\/wp-json\/wp\/v2\/pages"}],"about":[{"href":"https:\/\/ottostudio-props.com\/hu\/wp-json\/wp\/v2\/types\/page"}],"author":[{"embeddable":true,"href":"https:\/\/ottostudio-props.com\/hu\/wp-json\/wp\/v2\/users\/1"}],"replies":[{"embeddable":true,"href":"https:\/\/ottostudio-props.com\/hu\/wp-json\/wp\/v2\/comments?post=2301"}],"version-history":[{"count":0,"href":"https:\/\/ottostudio-props.com\/hu\/wp-json\/wp\/v2\/pages\/2301\/revisions"}],"wp:attachment":[{"href":"https:\/\/ottostudio-props.com\/hu\/wp-json\/wp\/v2\/media?parent=2301"}],"wp:term":[{"taxonomy":"hf_cat_page","embeddable":true,"href":"https:\/\/ottostudio-props.com\/hu\/wp-json\/wp\/v2\/hf_cat_page?post=2301"}],"curies":[{"name":"wp","href":"https:\/\/api.w.org\/{rel}","templated":true}]}}