{"id":2400,"date":"2026-02-11T21:55:46","date_gmt":"2026-02-11T20:55:46","guid":{"rendered":"https:\/\/ottostudio-props.com\/contact-us\/"},"modified":"2026-02-19T08:00:35","modified_gmt":"2026-02-19T07:00:35","slug":"contact-us","status":"publish","type":"page","link":"https:\/\/ottostudio-props.com\/hu\/contact-us\/","title":{"rendered":"Kapcsolat"},"content":{"rendered":"<style>.gspb_container-id-gsbp-5547900{flex-direction:column;box-sizing:border-box;}#gspb_container-id-gsbp-5547900.gspb_container > p:last-of-type{margin-bottom:0}#gspb_container-id-gsbp-5547900.gspb_container{position:relative;}#gspb_container-id-gsbp-5547900.gspb_container{display:flex;flex-direction:column;justify-content:center;}#gspb_container-id-gsbp-5547900.gspb_container{margin-bottom:70px;}#gspb_container-id-gsbp-5547900.gspb_container{background-size:cover;background-repeat:no-repeat;}#gspb_container-id-gsbp-5547900.gspb_container{background-image:url(https:\/\/ottostudio-props.com\/wp-content\/uploads\/2026\/02\/ottos-studio-props-header-image.jpg);}#gspb_container-id-gsbp-5547900.gspb_container:hover{background-size:cover;}#gspb_container-id-gsbp-5547900.gspb_container > .gspb_backgroundOverlay{position:absolute;top:0;left:0;width:100%;height:100%;z-index:-1;}#gspb_container-id-gsbp-5547900.gspb_container > .gspb_backgroundOverlay{background-color:#000000c7;}#gspb_container-id-gsbp-5547900.gspb_container{isolation:isolate;}body.gspb-bodyfront #gspb_container-id-gsbp-5547900.gspb_container{height:40vh;}<\/style>\n<div class=\"wp-block-greenshift-blocks-container alignfull gspb_container gspb_container-gsbp-5547900\" id=\"gspb_container-id-gsbp-5547900\"><div class=\"gspb_backgroundOverlay\"><\/div><style>.gspb_text-id-gsbp-80115ef{text-transform:uppercase;}.gspb_text-id-gsbp-80115ef{font-size:.85em;line-height:min;}.gspb_text-id-gsbp-80115ef{letter-spacing:6px;}.gspb_text-id-gsbp-80115ef,.gspb_text-id-gsbp-80115ef .gsap-g-line{text-align:center!important;}.gspb_text-id-gsbp-80115ef{font-weight:500!important;}.gspb_text-id-gsbp-80115ef{color:var(--wp--preset--color--palette-color-8,var(--theme-palette-color-8,#ffffff));}<\/style>\n<div id=\"gspb_text-id-gsbp-80115ef\" class=\"gspb_text gspb_text-id-gsbp-80115ef \">Ottostudio Props<\/div>\n\n\n<style>#gspb_heading-id-gsbp-2bfee00,#gspb_heading-id-gsbp-2bfee00 .gsap-g-line{text-align:center!important;}#gspb_heading-id-gsbp-2bfee00{color:var(--wp--preset--color--palette-color-8,var(--theme-palette-color-8,#ffffff));}<\/style>\n<h1 id=\"gspb_heading-id-gsbp-2bfee00\" class=\"original-font gspb_heading gspb_heading-id-gsbp-2bfee00 \">Kapcsolat<\/h1>\n<\/div>\n\n\n<style>.gspb_container-id-gsbp-5e8d116{flex-direction:column;box-sizing:border-box;}#gspb_container-id-gsbp-5e8d116.gspb_container > p:last-of-type{margin-bottom:0}#gspb_container-id-gsbp-5e8d116.gspb_container{position:relative;}#gspb_container-id-gsbp-5e8d116.gspb_container{display:flex;flex-direction:column;align-items:center;}#gspb_container-id-gsbp-5e8d116.gspb_container{padding-bottom:70px;}#gspb_container-id-gsbp-5e8d116.gspb_container{background-image:url(https:\/\/ottostudio-props.com\/wp-content\/uploads\/2025\/12\/kereszt-pattern.svg);}#gspb_container-id-gsbp-5e8d116.gspb_container > .gspb_backgroundOverlay{position:absolute;top:0;left:0;width:100%;height:100%;z-index:-1;}#gspb_container-id-gsbp-5e8d116.gspb_container > .gspb_backgroundOverlay{opacity:0.7}#gspb_container-id-gsbp-5e8d116.gspb_container > .gspb_backgroundOverlay{background-color:#ffffff;}#gspb_container-id-gsbp-5e8d116.gspb_container{isolation:isolate;}<\/style>\n<div class=\"wp-block-greenshift-blocks-container alignfull gspb_container gspb_container-gsbp-5e8d116\" id=\"gspb_container-id-gsbp-5e8d116\"><div class=\"gspb_backgroundOverlay\"><\/div><style>.gspb_container-id-gsbp-b9f5658{flex-direction:column;box-sizing:border-box;}#gspb_container-id-gsbp-b9f5658.gspb_container > p:last-of-type{margin-bottom:0}#gspb_container-id-gsbp-b9f5658.gspb_container{position:relative;}#gspb_container-id-gsbp-b9f5658.gspb_container{width:1100px;max-width:94vw;}<\/style>\n<div class=\"wp-block-greenshift-blocks-container gspb_container gspb_container-gsbp-b9f5658\" id=\"gspb_container-id-gsbp-b9f5658\"><style>#gspb_row-id-gsbp-b643bef{justify-content:space-between;margin-top:0px;margin-bottom:0px;display:flex;flex-wrap:wrap;}#gspb_row-id-gsbp-b643bef > .gspb_row__content{display:flex;justify-content:space-between;margin:0 auto;width:100%;flex-wrap:wrap;}.gspb_row{position:relative;}div[id^=gspb_col-id]{box-sizing:border-box;position:relative;}body.gspb-bodyfront #gspb_row-id-gsbp-b643bef > .gspb_row__content{width:var(--theme-container-width,1200px);}body.gspb-bodyfront #gspb_row-id-gsbp-b643bef > .gspb_row__content{max-width:var(--theme-normal-container-max-width,1200px);}<\/style>\n<div class=\"wp-block-greenshift-blocks-row gspb_row gspb_row-id-gsbp-b643bef gspb_row--gutter-custom-0\" id=\"gspb_row-id-gsbp-b643bef\"><div class=\"gspb_row__content\"> <style>#gspb_col-id-gsbp-a2a8bd5.gspb_row__col--6{width:calc(50% - 35px);}@media (max-width:999.98px){#gspb_col-id-gsbp-a2a8bd5.gspb_row__col--6{width:calc(50% - 35px);}}@media (max-width:689.98px){#gspb_col-id-gsbp-a2a8bd5.gspb_row__col--6{width:calc(50% - 35px);}}@media (max-width:689.98px){#gspb_col-id-gsbp-a2a8bd5.gspb_row__col--6{width:100%;}}<\/style>\n<div class=\"wp-block-greenshift-blocks-row-column gspb_row__col--6 gspb_row__col--md-6 gspb_col-id-gsbp-a2a8bd5\" id=\"gspb_col-id-gsbp-a2a8bd5\"><style>#gspb_heading-id-gsbp-9665062{line-height:1em;}#gspb_heading-id-gsbp-9665062{padding-bottom:40px;}<\/style>\n<h2 id=\"gspb_heading-id-gsbp-9665062\" class=\"original-font gspb_heading gspb_heading-id-gsbp-9665062 \">OTTOSTUDIO<\/h2>\n\n\n<div class=\"ct-block-wrapper\">\n<div class=\"ct-contact-info-block \" style=\"--theme-icon-size:20px;--items-spacing:35px;--items-direction:column;--theme-block-text-color:var(--wp--preset--color--palette-color-4);--theme-link-initial-color:var(--wp--preset--color--palette-color-4);--theme-link-hover-color:var(--wp--preset--color--palette-color-4);--theme-icon-color:var(--wp--preset--color--palette-color-4);--theme-icon-hover-color:var(--wp--preset--color--palette-color-4);--background-color:#f0dabf;--background-hover-color:#f0dabf;font-size:clamp(0.875em, 0.875rem + ((1vw - 0.2em) * 0.281), 1.1em);\">\n\t\t<ul data-icons-type=\"rounded:solid\">\n\t\t\t\t\t\t\t\t\t\t\t<li class=\"\">\n\t\t\t\t\t<span class=\"ct-icon-container\"><svg aria-hidden=\"true\" width=\"20\" height=\"20\" viewBox=\"0,0,512,512\"><path d=\"M336.174 80c-49.132 0-93.305-32-161.913-32-31.301 0-58.303 6.482-80.721 15.168a48.04 48.04 0 0 0 2.142-20.727C93.067 19.575 74.167 1.594 51.201.104 23.242-1.71 0 20.431 0 48c0 17.764 9.657 33.262 24 41.562V496c0 8.837 7.163 16 16 16h16c8.837 0 16-7.163 16-16v-83.443C109.869 395.28 143.259 384 199.826 384c49.132 0 93.305 32 161.913 32 58.479 0 101.972-22.617 128.548-39.981C503.846 367.161 512 352.051 512 335.855V95.937c0-34.459-35.264-57.768-66.904-44.117C409.193 67.309 371.641 80 336.174 80zM464 336c-21.783 15.412-60.824 32-102.261 32-59.945 0-102.002-32-161.913-32-43.361 0-96.379 9.403-127.826 24V128c21.784-15.412 60.824-32 102.261-32 59.945 0 102.002 32 161.913 32 43.271 0 96.32-17.366 127.826-32v240z\" \/><\/svg><\/span>\n\t\t\t\t\t\t\t\t\t\t\t<div class=\"contact-info\">\n\t\t\t\t\t\t\t\n\t\t\t\t\t\t\t\t\t\t\t\t\t\t\t<span class=\"contact-text\">\n\t\t\t\t\t\t\t\t\t\n\t\t\t\t\t\t\t\t\tOS Exhibitions Kft.\n\t\t\t\t\t\t\t\t\t\t\t\t\t\t\t\t\t<\/span>\n\t\t\t\t\t\t\t\t\t\t\t\t\t<\/div>\n\t\t\t\t\t\t\t\t\t<\/li>\n\t\t\t\t\t\t\t\t\t\t\t<li class=\"\">\n\t\t\t\t\t<span class=\"ct-icon-container\"><svg aria-hidden=\"true\" width='15' height='15' viewBox='0 0 15 15'><path d='M7.5,0C3.4,0,0,3.4,0,7.5c0,1.7,0.5,3.2,1.5,4.5c1.4,1.9,3.6,3,6,3s4.6-1.1,6-3c1-1.3,1.5-2.9,1.5-4.5C15,3.4,11.6,0,7.5,0zM7.5,13.5c-1.4,0-2.8-0.5-3.8-1.4c1.1-0.9,2.4-1.4,3.8-1.4s2.8,0.5,3.8,1.4C10.3,13,8.9,13.5,7.5,13.5z M12.3,11c-1.3-1.1-3-1.8-4.8-1.8S4,9.9,2.7,11c-0.8-1-1.2-2.2-1.2-3.5c0-3.3,2.7-6,6-6s6,2.7,6,6C13.5,8.8,13.1,10,12.3,11zM7.5,3C6.1,3,5,4.1,5,5.5S6.1,8,7.5,8S10,6.9,10,5.5S8.9,3,7.5,3zM7.5,6.5c-0.5,0-1-0.5-1-1s0.5-1,1-1s1,0.5,1,1S8,6.5,7.5,6.5z'\/><\/svg><\/span>\n\t\t\t\t\t\t\t\t\t\t\t<div class=\"contact-info\">\n\t\t\t\t\t\t\t\n\t\t\t\t\t\t\t\t\t\t\t\t\t\t\t<span class=\"contact-text\">\n\t\t\t\t\t\t\t\t\t\n\t\t\t\t\t\t\t\t\tFenyvesi Ott\u00f3\n\t\t\t\t\t\t\t\t\t\t\t\t\t\t\t\t\t<\/span>\n\t\t\t\t\t\t\t\t\t\t\t\t\t<\/div>\n\t\t\t\t\t\t\t\t\t<\/li>\n\t\t\t\t\t\t\t\t\t\t\t<li class=\"\">\n\t\t\t\t\t<a href=\"mailto:&#105;n&#102;o&#064;&#111;t&#116;&#111;stu&#100;io-pro&#112;s&#046;&#099;&#111;&#109;\" class=\"ct-icon-container\" aria-label=\" &#105;n&#102;&#111;&#064;o&#116;to&#115;tu&#100;&#105;&#111;-pro&#112;s&#046;&#099;om\"><svg aria-hidden=\"true\" width=\"20\" height=\"20\" viewBox=\"0,0,512,512\"><path d=\"M464 64H48C21.49 64 0 85.49 0 112v288c0 26.51 21.49 48 48 48h416c26.51 0 48-21.49 48-48V112c0-26.51-21.49-48-48-48zm0 48v40.805c-22.422 18.259-58.168 46.651-134.587 106.49-16.841 13.247-50.201 45.072-73.413 44.701-23.208.375-56.579-31.459-73.413-44.701C106.18 199.465 70.425 171.067 48 152.805V112h416zM48 400V214.398c22.914 18.251 55.409 43.862 104.938 82.646 21.857 17.205 60.134 55.186 103.062 54.955 42.717.231 80.509-37.199 103.053-54.947 49.528-38.783 82.032-64.401 104.947-82.653V400H48z\" \/><\/svg><\/a>\n\t\t\t\t\t\t\t\t\t\t\t<div class=\"contact-info\">\n\t\t\t\t\t\t\t\n\t\t\t\t\t\t\t\t\t\t\t\t\t\t\t<span class=\"contact-text\">\n\t\t\t\t\t\t\t\t\t\t\t\t\t\t\t\t\t\t\t<a href=\"mailto:&#105;n&#102;o&#064;&#111;t&#116;&#111;stu&#100;io-pro&#112;s&#046;&#099;&#111;&#109;\" >\n\t\t\t\t\t\t\t\t\t\n\t\t\t\t\t\t\t\t\t&#105;n&#102;&#111;&#64;o&#116;to&#115;tu&#100;&#105;&#111;-pro&#112;s&#46;&#99;om\n\t\t\t\t\t\t\t\t\t\t\t\t\t\t\t\t\t\t\t<\/a>\n\t\t\t\t\t\t\t\t\t\t\t\t\t\t\t\t\t<\/span>\n\t\t\t\t\t\t\t\t\t\t\t\t\t<\/div>\n\t\t\t\t\t\t\t\t\t<\/li>\n\t\t\t\t\t\t\t\t\t\t\t<li class=\"\">\n\t\t\t\t\t<a href=\"tel:0036203237072\" class=\"ct-icon-container\" aria-label=\" +36 20 323 7072\"><svg aria-hidden=\"true\" width='15' height='15' viewBox='0 0 15 15'><path d='M12.3 15h-.2c-2.1-.2-4.1-1-5.9-2.1-1.6-1-3.1-2.5-4.1-4.1C1 7 .2 5 0 2.9-.1 1.8.7.8 1.8.7H4c1 0 1.9.7 2 1.7.1.6.2 1.1.4 1.7.3.7.1 1.6-.5 2.1l-.4.4c.7 1.1 1.7 2.1 2.9 2.9l.4-.5c.6-.6 1.4-.7 2.1-.5.6.3 1.1.4 1.7.5 1 .1 1.8 1 1.7 2v2c0 .5-.2 1-.6 1.4-.3.4-.8.6-1.4.6zM4 2.1H2c-.2 0-.3.1-.4.2-.1.1-.1.3-.1.4.2 1.9.8 3.7 1.8 5.3.9 1.5 2.2 2.7 3.7 3.7 1.6 1 3.4 1.7 5.3 1.9.2 0 .3-.1.4-.2.1-.1.2-.2.2-.4v-2c0-.3-.2-.5-.5-.6-.7-.1-1.3-.3-2-.5-.2-.1-.4 0-.6.1l-.8.9c-.2.2-.6.3-.9.1C6.4 10 5 8.6 4 6.9c-.2-.3-.1-.7.1-.9l.8-.8c.2-.2.2-.4.1-.6-.2-.6-.4-1.3-.5-2 0-.3-.2-.5-.5-.5zm7.7 4.5c-.4 0-.7-.2-.7-.6-.2-1-1-1.8-2-2-.4 0-.7-.4-.6-.8.1-.4.5-.7.9-.6 1.6.3 2.8 1.5 3.1 3.1.1.4-.2.8-.6.9h-.1zm2.6 0c-.4 0-.7-.3-.7-.6-.3-2.4-2.2-4.3-4.6-4.5-.4-.1-.7-.5-.6-.9 0-.4.4-.6.8-.6 3.1.3 5.4 2.7 5.8 5.8 0 .4-.3.7-.7.8z'\/><\/svg><\/a>\n\t\t\t\t\t\t\t\t\t\t\t<div class=\"contact-info\">\n\t\t\t\t\t\t\t\n\t\t\t\t\t\t\t\t\t\t\t\t\t\t\t<span class=\"contact-text\">\n\t\t\t\t\t\t\t\t\t\t\t\t\t\t\t\t\t\t\t<a href=\"tel:0036203237072\" >\n\t\t\t\t\t\t\t\t\t\n\t\t\t\t\t\t\t\t\t+36 20 323 7072\n\t\t\t\t\t\t\t\t\t\t\t\t\t\t\t\t\t\t\t<\/a>\n\t\t\t\t\t\t\t\t\t\t\t\t\t\t\t\t\t<\/span>\n\t\t\t\t\t\t\t\t\t\t\t\t\t<\/div>\n\t\t\t\t\t\t\t\t\t<\/li>\n\t\t\t\t\t<\/ul>\n\n\t\t<\/div>\n<\/div>\n\n<style>.gs-box{padding:20px;border-left:5px solid transparent;margin-bottom:25px}.gs-box-text > p{margin-bottom:20px;margin-top:0}.gs-box-text > p:last-of-type{margin-bottom:0}.gs-box.notice_type{color:#856404;background-color:#fff3cd;border-color:#ffeeba}.gs-box.notice_type svg{fill:#f7a000}.gs-box.icon_type{display:flex}.gs-box.icon_type .gs-box-icon{width:28px;min-width:28px}.gs-box.icon_type .gs-box-text{flex-grow:1;margin:0 15px}#gspb_infoBox-id-gsbp-f9e05ff .gs-box{border-radius:15px}#gspb_infoBox-id-gsbp-f9e05ff .gs-box{margin-top:60px;}@media (max-width:689.98px){#gspb_infoBox-id-gsbp-f9e05ff .gs-box{margin-bottom:60px;}}#gspb_infoBox-id-gsbp-f9e05ff .gs-box{border-bottom-style:solid;border-bottom-width:1px;border-bottom-color:var(--wp--preset--color--border,#00000012);}#gspb_infoBox-id-gsbp-f9e05ff .gs-box{box-shadow:0 2px 4px 0 rgba(0,0,0,0.07);}<\/style>\n<div class=\"wp-block-greenshift-blocks-infobox gspb_infoBox gspb_infoBox-id-gsbp-f9e05ff\" id=\"gspb_infoBox-id-gsbp-f9e05ff\"><div class=\"gs-box notice_type icon_type\"><div class=\"gs-box-icon\"><svg x=\"0px\" y=\"0px\" viewBox=\"0 0 486.463 486.463\"> <g> <g> <path d=\"M243.225,333.382c-13.6,0-25,11.4-25,25s11.4,25,25,25c13.1,0,25-11.4,24.4-24.4 C268.225,344.682,256.925,333.382,243.225,333.382z\"><\/path> <path d=\"M474.625,421.982c15.7-27.1,15.8-59.4,0.2-86.4l-156.6-271.2c-15.5-27.3-43.5-43.5-74.9-43.5s-59.4,16.3-74.9,43.4 l-156.8,271.5c-15.6,27.3-15.5,59.8,0.3,86.9c15.6,26.8,43.5,42.9,74.7,42.9h312.8 C430.725,465.582,458.825,449.282,474.625,421.982z M440.625,402.382c-8.7,15-24.1,23.9-41.3,23.9h-312.8 c-17,0-32.3-8.7-40.8-23.4c-8.6-14.9-8.7-32.7-0.1-47.7l156.8-271.4c8.5-14.9,23.7-23.7,40.9-23.7c17.1,0,32.4,8.9,40.9,23.8 l156.7,271.4C449.325,369.882,449.225,387.482,440.625,402.382z\"><\/path> <path d=\"M237.025,157.882c-11.9,3.4-19.3,14.2-19.3,27.3c0.6,7.9,1.1,15.9,1.7,23.8c1.7,30.1,3.4,59.6,5.1,89.7 c0.6,10.2,8.5,17.6,18.7,17.6c10.2,0,18.2-7.9,18.7-18.2c0-6.2,0-11.9,0.6-18.2c1.1-19.3,2.3-38.6,3.4-57.9 c0.6-12.5,1.7-25,2.3-37.5c0-4.5-0.6-8.5-2.3-12.5C260.825,160.782,248.925,155.082,237.025,157.882z\"><\/path> <\/g> <\/g> <\/svg><\/div><div class=\"gs-box-text\">\n<p>Szem\u00e9lyes tal\u00e1koz\u00f3 el\u0151zetes egyeztet\u00e9s ut\u00e1n lehets\u00e9ges.<\/p>\n<\/div><\/div><\/div>\n<\/div>\n\n\n<style>#gspb_col-id-gsbp-9ba86d1.gspb_row__col--6{width:calc(50% - 35px);}@media (max-width:999.98px){#gspb_col-id-gsbp-9ba86d1.gspb_row__col--6{width:calc(50% - 35px);}}@media (max-width:689.98px){#gspb_col-id-gsbp-9ba86d1.gspb_row__col--6{width:calc(50% - 35px);}}@media (max-width:689.98px){#gspb_col-id-gsbp-9ba86d1.gspb_row__col--6{width:100%;}}<\/style>\n<div class=\"wp-block-greenshift-blocks-row-column gspb_row__col--6 gspb_row__col--md-6 gspb_col-id-gsbp-9ba86d1\" id=\"gspb_col-id-gsbp-9ba86d1\"><style>#gspb_heading-id-gsbp-231d1e6{line-height:1em;}#gspb_heading-id-gsbp-231d1e6{padding-bottom:40px;}<\/style>\n<h2 id=\"gspb_heading-id-gsbp-231d1e6\" class=\"original-font gspb_heading gspb_heading-id-gsbp-231d1e6 \">\u00cdrjon Nek\u00fcnk<\/h2>\n\n\n<div class='fluentform ff-default fluentform_wrapper_2 ffs_custom_wrap'><form data-form_id=\"2\" id=\"fluentform_2\" class=\"frm-fluent-form fluent_form_2 ff-el-form-top ff_form_instance_2_1 ff-form-loading ffs_custom\" data-form_instance=\"ff_form_instance_2_1\" method=\"POST\" ><fieldset  style=\"border: none!important;margin: 0!important;padding: 0!important;background-color: transparent!important;box-shadow: none!important;outline: none!important; min-inline-size: 100%;\">\n                    <legend class=\"ff_screen_reader_title\" style=\"display: block; margin: 0!important;padding: 0!important;height: 0!important;text-indent: -999999px;width: 0!important;overflow:hidden;\">Contact Form HU<\/legend>        <div\n                style=\"display: none!important; position: absolute!important; transform: translateX(1000%)!important;\"\n                class=\"ff-el-group ff-hpsf-container\"\n        >\n            <div class=\"ff-el-input--label asterisk-right\">\n                <label for=\"ff_2_item_sf\" aria-label=\"Newsletter\">\n                    Newsletter                <\/label>\n            <\/div>\n            <div class=\"ff-el-input--content\">\n                <input type=\"text\"\n                       name=\"item_2__fluent_sf\"\n                       class=\"ff-el-form-control\"\n                       id=\"ff_2_item_sf\"\n                \/>\n            <\/div>\n        <\/div>\n                <input type=\"hidden\" id=\"__fluent_protection_token_2\" class=\"fluent-form-token-field\" name=\"__fluent_protection_token_2\">\n        <input type='hidden' name='__fluent_form_embded_post_id' value='2400' \/><input type=\"hidden\" id=\"_fluentform_2_fluentformnonce\" name=\"_fluentform_2_fluentformnonce\" value=\"6fc2856a7f\" \/><input type=\"hidden\" name=\"_wp_http_referer\" value=\"\/hu\/wp-json\/wp\/v2\/pages\/2400\" \/><div data-type=\"name-element\" data-name=\"names\" class=\" ff-field_container ff-name-field-wrapper\" ><div class='ff-t-container'><div class='ff-t-cell '><div class='ff-el-group'><div class=\"ff-el-input--label ff-el-is-required asterisk-right\"><label for='ff_2_names_first_name_' id='label_ff_2_names_first_name_' >N\u00e9v<\/label><\/div><div class='ff-el-input--content'><input type=\"text\" name=\"names[first_name]\" id=\"ff_2_names_first_name_\" class=\"ff-el-form-control\" aria-invalid=\"false\" aria-required=true><\/div><\/div><\/div><\/div><\/div><div class='ff-el-group'><div class=\"ff-el-input--label ff-el-is-required asterisk-right\"><label for='ff_2_email' id='label_ff_2_email' aria-label=\"E-mail c\u00edm\">E-mail c\u00edm<\/label><\/div><div class='ff-el-input--content'><input type=\"email\" name=\"email\" id=\"ff_2_email\" class=\"ff-el-form-control\" data-name=\"email\"  aria-invalid=\"false\" aria-required=true><\/div><\/div><div class='ff-el-group'><div class=\"ff-el-input--label ff-el-is-required asterisk-right\"><label for='ff_2_message' id='label_ff_2_message' aria-label=\"\u00dczenet\">\u00dczenet<\/label><\/div><div class='ff-el-input--content'><textarea aria-required=\"true\" aria-labelledby=\"label_ff_2_message\" name=\"message\" id=\"ff_2_message\" class=\"ff-el-form-control\" rows=\"8\" cols=\"2\" data-name=\"message\" ><\/textarea><\/div><\/div><div class='ff-el-group    ff-el-input--content'><div class='ff-el-form-check ff-el-tc'><label aria-label='Terms and Conditions: Elolvastam, \u00e9s elfogadom az adatkezel\u00e9si t\u00e1j\u00e9koztat\u00f3 tartalm\u00e1t. Contains 1 link. Use tab navigation to review.' class='ff-el-form-check-label ff_tc_label' for=terms-n-condition_0a68fa9fe85c4d169f0ab14dee5ccfa0><span class='ff_tc_checkbox'><input type=\"checkbox\" name=\"terms-n-condition\" class=\"ff-el-form-check-input\" data-name=\"terms-n-condition\" id=\"terms-n-condition_0a68fa9fe85c4d169f0ab14dee5ccfa0\"  value='on' aria-invalid='false' aria-required=true><\/span> <div class='ff_t_c'><p>Elolvastam, \u00e9s elfogadom az <a href=\"https:\/\/ottostudio-props.com\/hu\/adatkezelesi-tajekoztato\/\" target=\"_blank\" rel=\"noopener\">adatkezel\u00e9si t\u00e1j\u00e9koztat\u00f3 <\/a>tartalm\u00e1t.<\/p><\/div><\/label><\/div><\/div><div class='ff-el-group ff-text-left ff_submit_btn_wrapper'><button type=\"submit\" class=\"ff-btn ff-btn-submit ff-btn-md ff_btn_style\"  aria-label=\"K\u00fcld\u00e9s\">K\u00fcld\u00e9s<\/button><\/div><\/fieldset><\/form><div id='fluentform_2_errors' class='ff-errors-in-stack ff_form_instance_2_1 ff-form-loading_errors ff_form_instance_2_1_errors'><\/div><\/div>            <script type=\"text\/javascript\">\n                window.fluent_form_ff_form_instance_2_1 = {\"id\":\"2\",\"ajaxUrl\":\"https:\\\/\\\/ottostudio-props.com\\\/wp-admin\\\/admin-ajax.php\",\"settings\":{\"layout\":{\"labelPlacement\":\"top\",\"helpMessagePlacement\":\"with_label\",\"errorMessagePlacement\":\"inline\",\"cssClassName\":\"\",\"asteriskPlacement\":\"asterisk-right\"},\"restrictions\":{\"denyEmptySubmission\":{\"enabled\":false}}},\"form_instance\":\"ff_form_instance_2_1\",\"form_id_selector\":\"fluentform_2\",\"rules\":{\"names[first_name]\":{\"required\":{\"value\":true,\"message\":\"Ez egy k\\u00f6telez\\u0151 mez\\u0151!\",\"global\":false,\"global_message\":\"This field is required\"}},\"names[middle_name]\":{\"required\":{\"value\":false,\"message\":\"This field is required\",\"global\":false,\"global_message\":\"This field is required\"}},\"names[last_name]\":{\"required\":{\"value\":false,\"message\":\"This field is required\",\"global\":false,\"global_message\":\"This field is required\"}},\"email\":{\"required\":{\"value\":true,\"message\":\"Ez egy k\\u00f6telez\\u0151 mez\\u0151!\",\"global\":false,\"global_message\":\"This field is required\"},\"email\":{\"value\":true,\"message\":\"K\\u00e9rem, val\\u00f3s e-mail c\\u00edmet adjon meg!\",\"global\":false,\"global_message\":\"This field must contain a valid email\"}},\"message\":{\"required\":{\"value\":true,\"message\":\"Ez egy k\\u00f6telez\\u0151 mez\\u0151!\",\"global\":false,\"global_message\":\"This field is required\"}},\"terms-n-condition\":{\"required\":{\"value\":true,\"message\":\"This field is required\",\"global_message\":\"This field is required\",\"global\":true}}},\"debounce_time\":300};\n                            <\/script>\n            \n<\/div>\n <\/div><\/div>\n<\/div>\n<\/div>\n","protected":false},"excerpt":{"rendered":"","protected":false},"author":1,"featured_media":0,"parent":0,"menu_order":0,"comment_status":"closed","ping_status":"closed","template":"","meta":{"_seopress_robots_primary_cat":"","_seopress_titles_title":"","_seopress_titles_desc":"","_seopress_robots_index":"","_gspb_post_css":"","iawp_total_views":2,"footnotes":""},"hf_cat_page":[],"class_list":["post-2400","page","type-page","status-publish","hentry"],"blocksy_meta":{"has_hero_section":"disabled","styles_descriptor":{"styles":{"desktop":"","tablet":"","mobile":""},"google_fonts":[],"version":6},"vertical_spacing_source":"custom","content_area_spacing":"none"},"_links":{"self":[{"href":"https:\/\/ottostudio-props.com\/hu\/wp-json\/wp\/v2\/pages\/2400","targetHints":{"allow":["GET"]}}],"collection":[{"href":"https:\/\/ottostudio-props.com\/hu\/wp-json\/wp\/v2\/pages"}],"about":[{"href":"https:\/\/ottostudio-props.com\/hu\/wp-json\/wp\/v2\/types\/page"}],"author":[{"embeddable":true,"href":"https:\/\/ottostudio-props.com\/hu\/wp-json\/wp\/v2\/users\/1"}],"replies":[{"embeddable":true,"href":"https:\/\/ottostudio-props.com\/hu\/wp-json\/wp\/v2\/comments?post=2400"}],"version-history":[{"count":1,"href":"https:\/\/ottostudio-props.com\/hu\/wp-json\/wp\/v2\/pages\/2400\/revisions"}],"predecessor-version":[{"id":2562,"href":"https:\/\/ottostudio-props.com\/hu\/wp-json\/wp\/v2\/pages\/2400\/revisions\/2562"}],"wp:attachment":[{"href":"https:\/\/ottostudio-props.com\/hu\/wp-json\/wp\/v2\/media?parent=2400"}],"wp:term":[{"taxonomy":"hf_cat_page","embeddable":true,"href":"https:\/\/ottostudio-props.com\/hu\/wp-json\/wp\/v2\/hf_cat_page?post=2400"}],"curies":[{"name":"wp","href":"https:\/\/api.w.org\/{rel}","templated":true}]}}