{"id":2456,"date":"2026-02-13T09:48:16","date_gmt":"2026-02-13T08:48:16","guid":{"rendered":"https:\/\/ottostudio-props.com\/cookie-szabalyzat\/"},"modified":"2026-02-13T09:48:16","modified_gmt":"2026-02-13T08:48:16","slug":"cookie-szabalyzat","status":"publish","type":"page","link":"https:\/\/ottostudio-props.com\/hu\/cookie-szabalyzat\/","title":{"rendered":"Cookie szab\u00e1lyzat"},"content":{"rendered":"<p>Ezzel a cookie-szab\u00e1lyzattal szeretn\u00e9nk elmagyar\u00e1zni, hogy mik azok a cookie-k \u00e9s cookie-szer\u0171 technol\u00f3gi\u00e1k, hogyan haszn\u00e1ljuk \u0151ket mi \u00e9s m\u00e1s szolg\u00e1ltat\u00f3k ezen a weboldalon, milyen inform\u00e1ci\u00f3kat gy\u0171jtenek, mennyi ideig \u00e9s milyen c\u00e9lokra haszn\u00e1ljuk \u0151ket.<\/p><h2>Tartalomjegyz\u00e9k<\/h2><ul><li><a href=\"#controller-of-the-website\">A weboldal adatkezel\u0151je<\/a><\/li><li><a href=\"#diff-to-privacy-policy\">Kieg\u00e9sz\u00edt\u00e9s az adatv\u00e9delmi szab\u00e1lyzathoz<\/a><\/li><li><a href=\"#cookie-technology\">Mik azok a cookie-k \u00e9s hasonl\u00f3 technol\u00f3gi\u00e1k?<\/a><\/li><li><a href=\"#legal-basis\">Mi a cookie-k be\u00e1ll\u00edt\u00e1s\u00e1nak\/olvas\u00e1s\u00e1nak jogalapja?<\/a><\/li><li><a href=\"#rights-of-visitor\">Milyen jogokkal rendelkezik a weboldal l\u00e1togat\u00f3ja?<\/a><\/li><li><a href=\"#manage-cookies\">Hogyan lehet kezelni a cookie-kat a b\u00f6ng\u00e9sz\u0151ben?<\/a><\/li><li><a href=\"#types-of-cookies\">Milyen t\u00edpus\u00fa cookie-k l\u00e9teznek?<\/a><\/li><li><a href=\"#cookies-origin\">Ki \u00e1ll\u00edthat be cookie-kat ezen a weboldalon?<\/a><\/li><li><a href=\"#list-of-services\">Milyen cookie-kat haszn\u00e1lunk ezen a weboldalon?<\/a><\/li><\/ul><h2 id=\"controller-of-the-website\">A weboldal adatkezel\u0151je<\/h2><ul><li><strong>Szolg\u00e1ltat\u00f3: <\/strong>OS Exhibitions Kft., 6000 Kecskem\u00e9t, Rezeda utca 27., Magyarorsz\u00e1g<\/li><li><strong>Email: <\/strong><a target=\"_blank\" href=\"mailto:info@ottostudio-props.com\">info@ottostudio-props.com<\/a><\/li><li><strong>Telefon: <\/strong><a target=\"_blank\" href=\"tel:+36 20 323 7072\">+36 20 323 7072<\/a><\/li><li><strong>Kapcsolatfelv\u00e9teli \u0171rlap: <\/strong><a target=\"_blank\" href=\"https:\/\/ottostudio-props.com\/hu\/rolunk\/\">ottostudio-props.com\/hu\/rolunk\/<\/a><\/li><\/ul><h2 id=\"diff-to-privacy-policy\">Kieg\u00e9sz\u00edt\u00e9s az adatv\u00e9delmi szab\u00e1lyzathoz<\/h2><p>Ez a cookie szab\u00e1lyzat a weboldal <a href=\"https:\/\/ottostudio-props.com\/hu\/adatkezelesi-tajekoztato\/\" target=\"_blank\">Adatv\u00e9delmi szab\u00e1lyzat<\/a> kieg\u00e9sz\u00edt\u00e9se. A cookie szab\u00e1lyzat meghat\u00e1rozza, hogy a weboldal hogyan haszn\u00e1lja a cookie-kat, \u00e9s milyen adatokat gy\u0171jt ezeken kereszt\u00fcl, m\u00edg az adatv\u00e9delmi ir\u00e1nyelv egy \u00e1tfog\u00f3bb \u00e1ttekint\u00e9st ny\u00fajt a weboldalon \u00e9s azon t\u00fal v\u00e9gzett \u00f6sszes adatfeldolgoz\u00e1si tev\u00e9kenys\u00e9gr\u0151l.<\/p><h2 id=\"cookie-technology\">Mik azok a cookie-k \u00e9s hasonl\u00f3 technol\u00f3gi\u00e1k?<\/h2><p>A cookie-k kis, sz\u00f6veges f\u00e1jlokhoz hasonl\u00f3 inform\u00e1ci\u00f3k, amelyek a v\u00e9gfelhaszn\u00e1l\u00f3i berendez\u00e9sen t\u00e1rolhat\u00f3k \u00e9s olvashat\u00f3k. K\u00fcl\u00f6nb\u00f6z\u0151 c\u00e9lokat szolg\u00e1lnak, t\u00f6bbek k\u00f6z\u00f6tt a weboldal alapvet\u0151 funkci\u00f3inak fenntart\u00e1s\u00e1t, a biztons\u00e1got \u00e9s az adatv\u00e9delmet, a weboldal opcion\u00e1lis funkci\u00f3inak biztos\u00edt\u00e1s\u00e1t, a l\u00e1togat\u00f3i forgalomra vonatkoz\u00f3 statisztikai adatok gy\u0171jt\u00e9s\u00e9t \u00e9s marketingrendszerek biztos\u00edt\u00e1s\u00e1t. Gyakorlati p\u00e9ld\u00e1k arra, hogy mit lehet cookie-kban t\u00e1rolni: a felhaszn\u00e1l\u00f3i fi\u00f3kok bejelentkez\u00e9si st\u00e1tusz\u00e1nak t\u00e1rol\u00e1sa, az e-kereskedelmi platformokon a kosarak tartalma, vagy egy felhaszn\u00e1l\u00f3i azonos\u00edt\u00f3 a weboldalon val\u00f3 viselked\u00e9s nyomon k\u00f6vet\u00e9s\u00e9re.<br \/><br \/>Az inform\u00e1ci\u00f3 technikailag t\u00f6bbf\u00e9lek\u00e9ppen t\u00e1rolhat\u00f3. A legismertebb p\u00e9ld\u00e1k erre a HTTP-cookie-k \u00e9s a cookie-szer\u0171 technol\u00f3gi\u00e1k, mint p\u00e9ld\u00e1ul a helyi t\u00e1rol\u00e1s, a munkamenet-t\u00e1rol\u00e1s vagy az IndexedDB. Minden t\u00e1rol\u00e1si t\u00edpusnak m\u00e1s-m\u00e1s tulajdons\u00e1gai vannak, amelyek meghat\u00e1rozz\u00e1k a technikai kezel\u00e9st, a hozz\u00e1f\u00e9rhet\u0151s\u00e9get \u00e9s az inform\u00e1ci\u00f3hoz val\u00f3 hozz\u00e1f\u00e9r\u00e9sre jogosult ellen\u0151r\u00f6ket. Mindezen t\u00e1rol\u00e1si t\u00edpusokat \u00e1ltal\u00e1ban a \"cookie-k\" kifejez\u00e9s alatt szokt\u00e1k \u00f6sszefoglalni, ez\u00e9rt a jelen cookie szab\u00e1lyzatban is \u00edgy nevezz\u00fck \u0151ket.<\/p><h2 id=\"legal-basis\">Mi a cookie-k be\u00e1ll\u00edt\u00e1s\u00e1nak\/olvas\u00e1s\u00e1nak jogalapja?<\/h2><p>Az Eur\u00f3pai Uni\u00f3ban (EU) \u00e9s az Eur\u00f3pai Gazdas\u00e1gi T\u00e9rs\u00e9gben (EGT) a cookie-k be\u00e1ll\u00edt\u00e1sa \u00e9s olvas\u00e1sa az Az elektronikus kereskedelmi szolg\u00e1ltat\u00e1sokr\u00f3l, valamint az inform\u00e1ci\u00f3s t\u00e1rsadalommal \u00f6sszef\u00fcgg\u0151 szolg\u00e1ltat\u00e1sok egyes k\u00e9rd\u00e9seir\u0151l sz\u00f3l\u00f3 t\u00f6rv\u00e9ny (T\u00f6rv\u00e9ny az elektronikus kereskedelmi szolg\u00e1ltat\u00e1sok, valamint az inform\u00e1ci\u00f3s t\u00e1rsadalommal \u00f6sszef\u00fcgg\u0151 szolg\u00e1ltat\u00e1sok egyes k\u00e9rd\u00e9seir\u0151l) szerint csak akkor megengedett, ha a felhaszn\u00e1l\u00f3 a feldolgoz\u00e1s c\u00e9ljair\u00f3l sz\u00f3l\u00f3 \u00e1tfog\u00f3 t\u00e1j\u00e9koztat\u00e1s alapj\u00e1n beleegyez\u00e9s\u00e9t adta. A weboldal \u00fczemeltet\u0151je cookie-kat is elhelyezhet, ha azok felt\u00e9tlen\u00fcl sz\u00fcks\u00e9gesek ahhoz, hogy \u00d6nnek mint felhaszn\u00e1l\u00f3nak a kifejezetten k\u00e9rt szolg\u00e1ltat\u00e1st ny\u00fajthassa, pl. a weboldal alapvet\u0151 tartalma vagy m\u00e1s, a weboldal alapvet\u0151 funkci\u00f3inak megjelen\u00edt\u00e9s\u00e9hez felt\u00e9tlen\u00fcl sz\u00fcks\u00e9ges cookie-k az \u00d6n hozz\u00e1j\u00e1rul\u00e1sa n\u00e9lk\u00fcl is megjelenhetnek az \u00d6n sz\u00e1m\u00e1ra.<\/p><h2 id=\"rights-of-visitor\">Milyen jogokkal rendelkezik a weboldal l\u00e1togat\u00f3ja?<\/h2><p>A szolg\u00e1ltat\u00e1sok \u00e9s a hozz\u00e1juk tartoz\u00f3 cookie-k az \u00d6n hozz\u00e1j\u00e1rul\u00e1sa vagy jogos \u00e9rdeke alapj\u00e1n \u00e1ll\u00edthat\u00f3k be \u00e9s olvashat\u00f3k. Amikor el\u0151sz\u00f6r megl\u00e1togatta ezt a weboldalt, hozz\u00e1j\u00e1rul\u00e1s\u00e1t k\u00e9rt\u00fck, \u00e9s lehet\u0151s\u00e9ge volt arra, hogy tiltakozzon bizonyos szolg\u00e1ltat\u00e1sok haszn\u00e1lata ellen. A hozz\u00e1j\u00e1rul\u00e1si p\u00e1rbesz\u00e9dpanelben elmagyar\u00e1ztuk, hogy melyik szolg\u00e1ltat\u00e1s milyen jogalapon alapul.<br \/><br \/>\u00d6nnek joga van b\u00e1rmikor megtekinteni d\u00f6nt\u00e9sei el\u0151zm\u00e9nyeit, megv\u00e1ltoztatni adatv\u00e9delmi be\u00e1ll\u00edt\u00e1sait, tiltakozni a szolg\u00e1ltat\u00e1sok haszn\u00e1lata ellen \u00e9s visszavonni hozz\u00e1j\u00e1rul\u00e1s\u00e1t. Az al\u00e1bbiakban megtal\u00e1lja a jogai gyakorl\u00e1s\u00e1nak lehet\u0151s\u00e9geit:<br \/><ul><li><a  href=\"#consent-change\" role=\"button\" id=\"rcb-sc-link-change\" data-success-message=\"\" class=\"rcb-sc-link rcb-sc-link-change \">Adatv\u00e9delmi be\u00e1ll\u00edt\u00e1sok m\u00f3dos\u00edt\u00e1sa<\/a><\/li><li><a  href=\"#consent-history\" role=\"button\" id=\"rcb-sc-link-history\" data-success-message=\"\" class=\"rcb-sc-link rcb-sc-link-history \">Adatv\u00e9delmi be\u00e1ll\u00edt\u00e1sok el\u0151zm\u00e9nyei<\/a><\/li><li><a  href=\"#consent-revoke\" role=\"button\" id=\"rcb-sc-link-revoke\" data-success-message=\"\u00d6n sikeresen visszavonta a cookie-kkal \u00e9s szem\u00e9lyes adatok feldolgoz\u00e1s\u00e1val kapcsolatos szolg\u00e1ltat\u00e1sokra vonatkoz\u00f3 hozz\u00e1j\u00e1rul\u00e1s\u00e1t. Az oldal most \u00fajrat\u00f6lt\u0151dik!\" class=\"rcb-sc-link rcb-sc-link-revoke \">Hozz\u00e1j\u00e1rul\u00e1sok visszavon\u00e1sa<\/a><\/li><\/ul><\/p><h2 id=\"manage-cookies\">Hogyan lehet kezelni a cookie-kat a b\u00f6ng\u00e9sz\u0151ben?<\/h2><p><ul><li><strong>Hogyan lehet elt\u00e1vol\u00edtani a cookie-kat a b\u00f6ng\u00e9sz\u0151ben:<\/strong> A cookie-k elt\u00e1vol\u00edt\u00e1s\u00e1hoz a b\u00f6ng\u00e9sz\u00e9si adatokat a b\u00f6ng\u00e9sz\u0151 be\u00e1ll\u00edt\u00e1saiban t\u00f6r\u00f6lheti az eszk\u00f6z\u00e9r\u0151l. Ez a m\u0171velet elt\u00e1vol\u00edtja az \u00f6sszes cookie-t az \u00f6sszes megl\u00e1togatott webhelyr\u0151l, bele\u00e9rtve a mentett bejelentkez\u00e9si adatokat \u00e9s a webhelypreferenci\u00e1kat is. Egyes b\u00f6ng\u00e9sz\u0151kben csak a cookie-kat \u00e9s hasonl\u00f3 adatokat t\u00f6r\u00f6lheti an\u00e9lk\u00fcl, hogy a teljes b\u00f6ng\u00e9sz\u00e9si el\u0151zm\u00e9nyeket t\u00f6r\u00f6ln\u00e9.<\/li><li><strong>Hogyan szab\u00e1lyozhatja a cookie-kat a b\u00f6ng\u00e9sz\u0151ben:<\/strong> Az egyes weboldalakra jellemz\u0151 cookie-k r\u00e9szletesebb ellen\u0151rz\u00e9s\u00e9hez navig\u00e1ljon az \u00d6n \u00e1ltal haszn\u00e1lt b\u00f6ng\u00e9sz\u0151 adatv\u00e9delmi \u00e9s cookie be\u00e1ll\u00edt\u00e1saihoz. Itt be\u00e1ll\u00edthatja az egyes webhelyek cookie-haszn\u00e1lat\u00e1val kapcsolatos be\u00e1ll\u00edt\u00e1sokat.<\/li><li><strong>Hogyan lehet blokkolni a cookie-kat a b\u00f6ng\u00e9sz\u0151ben:<\/strong> A legt\u00f6bb modern b\u00f6ng\u00e9sz\u0151 be\u00e1ll\u00edt\u00e1sai k\u00f6z\u00f6tt lehet\u0151s\u00e9g van arra, hogy blokkolja az \u00f6sszes cookie elhelyez\u00e9s\u00e9t az eszk\u00f6z\u00e9n. A cookie blokkol\u00e1sa azonban azt eredm\u00e9nyezheti, hogy bizonyos szolg\u00e1ltat\u00e1sok \u00e9s funkci\u00f3k nem fognak megfelel\u0151en m\u0171k\u00f6dni, p\u00e9ld\u00e1ul a felhaszn\u00e1l\u00f3k\u00e9nt t\u00f6rt\u00e9n\u0151 bejelentkez\u00e9s. Sz\u00e1mos b\u00f6ng\u00e9sz\u0151h\u00f6z olyan b\u0151v\u00edtm\u00e9nyeket is haszn\u00e1lhat, amelyek blokkolni tudj\u00e1k a cookie-k be\u00e1ll\u00edt\u00e1s\u00e1t a webhelyeken.<\/li><li><strong>Hogyan kezelheti a cooki-kat ezen a weboldalon:<\/strong> A weboldalon tal\u00e1lhat\u00f3 cookie-kkal kapcsolatos be\u00e1ll\u00edt\u00e1sait b\u00e1rmikor megv\u00e1ltoztathatja, ha a \"A weboldal l\u00e1togat\u00f3j\u00e1nak jogai\" r\u00e9szben tal\u00e1lhat\u00f3 linkre kattint.<\/li><\/li><\/ul><p>A cookie-k kezel\u00e9s\u00e9r\u0151l tov\u00e1bbi inform\u00e1ci\u00f3kat tal\u00e1l a <a href=\"https:\/\/devowl.io\/rcb\/cookie-handling\/\" target=\"_blank\">devowl.io\/rcb\/cookie-handling\/<\/a> oldalon.<\/p><\/p><h2 id=\"types-of-cookies\">Milyen t\u00edpus\u00fa cookie-k l\u00e9teznek?<\/h2><p><ul><li><strong>Alapvet\u0151 cookie-k<\/strong> n\u00e9lk\u00fcl\u00f6zhetetlenek a weboldal alapvet\u0151 m\u0171k\u00f6d\u00e9s\u00e9hez, \u00e9s olyan funkci\u00f3kat tesznek lehet\u0151v\u00e9, mint a bejelentkez\u00e9si adatok ment\u00e9se vagy a weboldal biztons\u00e1gos ter\u00fcleteinek el\u00e9r\u00e9se. Ide tartoznak p\u00e9ld\u00e1ul a biztons\u00e1gi cookie-k, amelyek egy hiteles\u00edt\u00e9si kulcs cookie-ban t\u00f6rt\u00e9n\u0151 t\u00e1rol\u00e1s\u00e1val azonos\u00edtani tudj\u00e1k a weboldalon nem k\u00edv\u00e1nt botot.<\/li><li><strong>A funkcion\u00e1lis cookie-k<\/strong> a felhaszn\u00e1l\u00f3i \u00e9lm\u00e9nyt jav\u00edtj\u00e1k az\u00e1ltal, hogy inform\u00e1ci\u00f3kat \u00e9s preferenci\u00e1kat t\u00e1rolnak, mint p\u00e9ld\u00e1ul a nyelvi be\u00e1ll\u00edt\u00e1sok vagy a weboldal megjelen\u00e9si be\u00e1ll\u00edt\u00e1sai, hogy szem\u00e9lyre szabott felhaszn\u00e1l\u00f3i \u00e9lm\u00e9nyt ny\u00fajtsanak. Ide tartoznak p\u00e9ld\u00e1ul a preferencia cookie-k, amelyek a felhaszn\u00e1l\u00f3 \u00e1ltal a weboldalon prefer\u00e1lt vide\u00f3min\u0151s\u00e9get t\u00e1rolj\u00e1k.<\/li><li><strong>Statisztikai cookie-k<\/strong> adatokat gy\u0171jtenek a weboldal haszn\u00e1lat\u00e1r\u00f3l, hogy betekint\u00e9st nyerjenek a felhaszn\u00e1l\u00f3i viselked\u00e9sbe \u00e9s optimaliz\u00e1lj\u00e1k a weboldal teljes\u00edtm\u00e9ny\u00e9t. Ide tartozik p\u00e9ld\u00e1ul egy v\u00e9letlenszer\u0171en hozz\u00e1rendelt felhaszn\u00e1l\u00f3i azonos\u00edt\u00f3, amely lehet\u0151v\u00e9 teszi annak a hozz\u00e1rendel\u00e9s\u00e9t, hogy \u00d6n megl\u00e1togatta-e a weboldal egy aloldal\u00e1t.<\/li><li><strong>Marketing cookie-k<\/strong> a felhaszn\u00e1l\u00f3i viselked\u00e9s k\u00fcl\u00f6nb\u00f6z\u0151 weboldalakon t\u00f6rt\u00e9n\u0151 nyomon k\u00f6vet\u00e9s\u00e9re \u00e9s a felhaszn\u00e1l\u00f3k \u00e9rdekl\u0151d\u00e9si k\u00f6r\u00e9n \u00e9s b\u00f6ng\u00e9sz\u00e9si szok\u00e1sain alapul\u00f3, szem\u00e9lyre szabott rekl\u00e1mok megjelen\u00edt\u00e9s\u00e9re szolg\u00e1lnak. Ide tartoznak p\u00e9ld\u00e1ul a hirdet\u00e9si cookie-k, amelyek t\u00e1rolj\u00e1k a weboldalon l\u00e9v\u0151 hirdet\u00e9sekkel val\u00f3 interakci\u00f3t, \u00e9s tov\u00e1bb\u00edtj\u00e1k azt a hirdet\u0151knek, vagy egy chat-rendszer az \u00e9rt\u00e9kes\u00edt\u00e9s el\u0151tti k\u00e9rd\u00e9sek \u00e9s az \u00fcgyf\u00e9lszolg\u00e1lat sz\u00e1m\u00e1ra.<\/li><\/li><\/ul><\/p><h2 id=\"cookies-origin\">Ki \u00e1ll\u00edthat be cookie-kat ezen a weboldalon?<\/h2><p>Ezen a weboldalon mind a weboldal \u00fczemeltet\u0151je, mind a weboldalon haszn\u00e1lt harmadik f\u00e9l szolg\u00e1ltat\u00e1sok cookie-kat helyezhetnek el, \u00e9s hozz\u00e1f\u00e9rhetnek a weboldal tartalm\u00e1hoz. Az, hogy ki milyen cookie-khoz \u00e9s azok tartalm\u00e1hoz f\u00e9rhet hozz\u00e1, elt\u00e9r az els\u0151 f\u00e9lt\u0151l \u00e9s a harmadik f\u00e9lt\u0151l sz\u00e1rmaz\u00f3 cookie-k k\u00f6z\u00f6tt. Az els\u0151 f\u00e9lt\u0151l sz\u00e1rmaz\u00f3 cookie-kat a megl\u00e1togatott weboldal hozza l\u00e9tre, \u00e9s azokat csak a weboldal \u00fczemeltet\u0151je \u00e9s a weboldalon integr\u00e1lt harmadik f\u00e9l szolg\u00e1ltat\u00e1sok olvashatj\u00e1k. A harmadik f\u00e9lt\u0151l sz\u00e1rmaz\u00f3 cookie-kat \u00e1ltal\u00e1ban harmadik f\u00e9l szolg\u00e1ltat\u00e1sai \u00e1ll\u00edtj\u00e1k be m\u00e1s domaineken, minden olyan weboldalon olvashat\u00f3k, amelyen a domain ir\u00e1ny\u00edt\u00e1s\u00e1t v\u00e9gz\u0151 szolg\u00e1ltat\u00e1s be van \u00e1gyazva, \u00e9s p\u00e9ld\u00e1ul a hirdet\u00e9si h\u00e1l\u00f3zatok arra haszn\u00e1lj\u00e1k \u0151ket, hogy nyomon k\u00f6vess\u00e9k a felhaszn\u00e1l\u00f3i viselked\u00e9st a k\u00fcl\u00f6nb\u00f6z\u0151 weboldalakon, \u00e9s szem\u00e9lyre szabott hirdet\u00e9seket k\u00edn\u00e1ljanak.<\/p><h2 id=\"list-of-services\">Milyen cookie-kat haszn\u00e1lunk ezen a weboldalon?<\/h2><script type=\"application\/json\">{\"search\":{\"placeholder\":\"Keres\\u00e9s...\"},\"sort\":{\"sortAsc\":\"Oszlop rendez\\u00e9se felfel\\u00e9 haladva\",\"sortDesc\":\"Oszlop rendez\\u00e9se lefel\\u00e9 haladva\"},\"pagination\":{\"previous\":\"El\\u0151z\\u0151\",\"next\":\"K\\u00f6vetkez\\u0151\",\"navigate\":\"%1$d oldal %2$d-b\\u00f3l\\\/b\\u0151l\",\"page\":\"%d oldal\",\"showing\":\"Megmutatja\",\"of\":\"a\",\"to\":\"c\\u00edmre\",\"results\":\"eredm\\u00e9nyek\"},\"noRecordsFound\":\"Nem tal\\u00e1ltunk megfelel\\u0151 tal\\u00e1latokat\"}<\/script><table  class=\"devowl-wp-react-cookie-banner-cookie-policy\"><thead><tr><th width=\"200px\" scope=\"col\">Kateg\u00f3ria<\/th><th width=\"400px\" scope=\"col\">Technikai cookie neve<\/th><th width=\"400px\" scope=\"col\">Technikai cookie-gazda<\/th><th width=\"400px\" scope=\"col\">Szolg\u00e1ltat\u00e1s<\/th><th width=\"250px\" scope=\"col\">Id\u0151tartam<\/th><th width=\"200px\" scope=\"col\">T\u00edpus<\/th><th width=\"550px\" scope=\"col\">C\u00e9l<\/th><\/tr><\/thead><tbody><tr><td>Alapvet\u0151<\/td><td>wc_fragments_*<\/td><td>https:\/\/ottostudio-props.com<\/td><td>WooCommerce<\/td><td>SESSION<\/td><td>Session Storage<\/td><td>-<\/td><\/tr><tr><td>Alapvet\u0151<\/td><td>wc_cart_hash_*<\/td><td>https:\/\/ottostudio-props.com<\/td><td>WooCommerce<\/td><td>SESSION<\/td><td>Session Storage<\/td><td>-<\/td><\/tr><tr><td>Alapvet\u0151<\/td><td>wc_cart_hash_*<\/td><td>ottostudio-props.com<\/td><td>WooCommerce<\/td><td>-<\/td><td>Local Storage<\/td><td>Session-ID with hash from the shopping cart, which is used to track the contents of the shopping cart and correctly synchronize changes in the shopping cart<\/td><\/tr><tr><td>Alapvet\u0151<\/td><td>woocommerce_cart_hash<\/td><td>ottostudio-props.com<\/td><td>WooCommerce<\/td><td>Session<\/td><td>HTTP Cookie<\/td><td>Hash, which representants the shopping cart contents and total amount<\/td><\/tr><tr><td>Alapvet\u0151<\/td><td>wp_woocommerce_session_*<\/td><td>ottostudio-props.com<\/td><td>WooCommerce<\/td><td>2 napok<\/td><td>HTTP Cookie<\/td><td>Session ID, and tracking of the user's shopping cart and other activities during the visit to the website<\/td><\/tr><tr><td>Alapvet\u0151<\/td><td>woocommerce_items_in_cart<\/td><td>ottostudio-props.com<\/td><td>WooCommerce<\/td><td>Session<\/td><td>HTTP Cookie<\/td><td>Mark whether something is in the shopping cart or not<\/td><\/tr><tr><td>Alapvet\u0151<\/td><td>wc_cart_hash<\/td><td>ottostudio-props.com<\/td><td>WooCommerce<\/td><td>Session<\/td><td>HTTP Cookie<\/td><td>Hash from the shopping cart, which is used to track the contents of the shopping cart and correctly synchronize changes in the shopping cart<\/td><\/tr><tr><td>Alapvet\u0151<\/td><td>wordpress_logged_in_*<\/td><td>ottostudio-props.com<\/td><td>WooCommerce<\/td><td>Session<\/td><td>HTTP Cookie<\/td><td>WordPress username, a timestamp when cookie expires, authentication token to protect access to the admin area and a security hash<\/td><\/tr><tr><td>Alapvet\u0151<\/td><td>wordpress_sec_*<\/td><td>ottostudio-props.com<\/td><td>WooCommerce<\/td><td>Session<\/td><td>HTTP Cookie<\/td><td>WordPress user name, a timestamp when the cookie expires, authentication token to protect access to the admin area and a security hash<\/td><\/tr><tr><td>Alapvet\u0151<\/td><td>comment_author_*<\/td><td>ottostudio-props.com<\/td><td>WooCommerce<\/td><td>1 \u00e9v<\/td><td>HTTP Cookie<\/td><td>Name of review author<\/td><\/tr><tr><td>Alapvet\u0151<\/td><td>comment_author_email_*<\/td><td>ottostudio-props.com<\/td><td>WooCommerce<\/td><td>1 \u00e9v<\/td><td>HTTP Cookie<\/td><td>Email address of review author<\/td><\/tr><tr><td>Alapvet\u0151<\/td><td>woocommerce_recently_viewed<\/td><td>ottostudio-props.com<\/td><td>WooCommerce<\/td><td>Session<\/td><td>HTTP Cookie<\/td><td>Recently viewed products to show the user a list of recently viewed items<\/td><\/tr><tr><td>Alapvet\u0151<\/td><td>store_notice*<\/td><td>ottostudio-props.com<\/td><td>WooCommerce<\/td><td>Session<\/td><td>HTTP Cookie<\/td><td>If a store notice was dismissed<\/td><\/tr><tr><td>Alapvet\u0151<\/td><td>wc_cart_created<\/td><td>https:\/\/ottostudio-props.com<\/td><td>WooCommerce<\/td><td>SESSION<\/td><td>Session Storage<\/td><td>Time of shopping cart creation to track when the shopping cart was created<\/td><\/tr><tr><td>Alapvet\u0151<\/td><td>storeApiNonce<\/td><td>https:\/\/ottostudio-props.com<\/td><td>WooCommerce<\/td><td>-<\/td><td>Local Storage<\/td><td>Timestamp and nonce (a unique number) to check the security of API requests to prevent attacks on the website<\/td><\/tr><tr><td>Alapvet\u0151<\/td><td>wc-blocks_mini_cart_totals<\/td><td>https:\/\/ottostudio-props.com<\/td><td>WooCommerce<\/td><td>-<\/td><td>Local Storage<\/td><td>Total amount for the mini shopping cart<\/td><\/tr><tr><td>Alapvet\u0151<\/td><td>wp-wpml_current_language<\/td><td>ottostudio-props.com<\/td><td>WPML<\/td><td>1 nap<\/td><td>HTTP Cookie<\/td><td>Current language<\/td><\/tr><tr><td>Alapvet\u0151<\/td><td>wp-wpml_current_admin_language_*<\/td><td>ottostudio-props.com<\/td><td>WPML<\/td><td>-<\/td><td>IndexedDB<\/td><td>WordPress administration area language<\/td><\/tr><tr><td>Alapvet\u0151<\/td><td>_icl_visitor_lang_js<\/td><td>ottostudio-props.com<\/td><td>WPML<\/td><td>Session<\/td><td>HTTP Cookie<\/td><td>Language from which there was a redirect<\/td><\/tr><tr><td>Alapvet\u0151<\/td><td>wpml_browser_redirect_test<\/td><td>ottostudio-props.com<\/td><td>WPML<\/td><td>Session<\/td><td>HTTP Cookie<\/td><td>Checks whether cookies can be set or not<\/td><\/tr><tr><td>Alapvet\u0151<\/td><td>real_cookie_banner*<\/td><td>.ottostudio-props.com<\/td><td>Real Cookie Banner<\/td><td>365 napok<\/td><td>HTTP Cookie<\/td><td>Unique identifier for the consent, but not for the website visitor. Revision hash for settings of cookie banner (texts, colors, features, service groups, services, content blockers etc.). IDs for consented services and service groups.<\/td><\/tr><tr><td>Alapvet\u0151<\/td><td>real_cookie_banner*-tcf<\/td><td>.ottostudio-props.com<\/td><td>Real Cookie Banner<\/td><td>365 napok<\/td><td>HTTP Cookie<\/td><td>Consents collected under TCF stored in TC String format, including TCF vendors, purposes, special purposes, features, and special features.<\/td><\/tr><tr><td>Alapvet\u0151<\/td><td>real_cookie_banner*-gcm<\/td><td>.ottostudio-props.com<\/td><td>Real Cookie Banner<\/td><td>365 napok<\/td><td>HTTP Cookie<\/td><td>Consents into consent types (purposes)  collected under Google Consent Mode stored for all Google Consent Mode compatible services.<\/td><\/tr><tr><td>Alapvet\u0151<\/td><td>real_cookie_banner-test<\/td><td>.ottostudio-props.com<\/td><td>Real Cookie Banner<\/td><td>365 napok<\/td><td>HTTP Cookie<\/td><td>Cookie set to test HTTP cookie functionality. Deleted immediately after test.<\/td><\/tr><tr><td>Alapvet\u0151<\/td><td>real_cookie_banner*<\/td><td>https:\/\/ottostudio-props.com<\/td><td>Real Cookie Banner<\/td><td>-<\/td><td>Local Storage<\/td><td>Unique identifier for the consent, but not for the website visitor. Revision hash for settings of cookie banner (texts, colors, features, service groups, services, content blockers etc.). IDs for consented services and service groups. Is only stored until consent is documented on the website server.<\/td><\/tr><tr><td>Alapvet\u0151<\/td><td>real_cookie_banner*-tcf<\/td><td>https:\/\/ottostudio-props.com<\/td><td>Real Cookie Banner<\/td><td>-<\/td><td>Local Storage<\/td><td>Consents collected under TCF stored in TC String format, including TCF vendors, purposes, special purposes, features, and special features. Is only stored until consent is documented on the website server.<\/td><\/tr><tr><td>Alapvet\u0151<\/td><td>real_cookie_banner*-gcm<\/td><td>https:\/\/ottostudio-props.com<\/td><td>Real Cookie Banner<\/td><td>-<\/td><td>Local Storage<\/td><td>Consents collected under Google Consent Mode stored in consent types (purposes) for all Google Consent Mode compatible services. Is only stored until consent is documented on the website server.<\/td><\/tr><tr><td>Alapvet\u0151<\/td><td>real_cookie_banner-consent-queue*<\/td><td>https:\/\/ottostudio-props.com<\/td><td>Real Cookie Banner<\/td><td>-<\/td><td>Local Storage<\/td><td>Local caching of selection in cookie banner until server documents consent; documentation periodic or at page switches attempted if server is unavailable or overloaded.<\/td><\/tr><tr><td>Statisztika<\/td><td>sbjs_session<\/td><td>ottostudio-props.com<\/td><td>Woocommerce Order Attribution<\/td><td>30 percek<\/td><td>HTTP Cookie<\/td><td>Number of page views in this session and the current page path<\/td><\/tr><tr><td>Statisztika<\/td><td>sbjs_udata<\/td><td>ottostudio-props.com<\/td><td>Woocommerce Order Attribution<\/td><td>Session<\/td><td>HTTP Cookie<\/td><td>Visitor\u2019s user agent, visitor's IP, the browser, and the device type<\/td><\/tr><tr><td>Statisztika<\/td><td>sbjs_first<\/td><td>ottostudio-props.com<\/td><td>Woocommerce Order Attribution<\/td><td>Session<\/td><td>HTTP Cookie<\/td><td>Traffic origin information for the visitor\u2019s first visit to the store (only applicable if the visitor returns before the session expires)<\/td><\/tr><tr><td>Statisztika<\/td><td>sbjs_current<\/td><td>ottostudio-props.com<\/td><td>Woocommerce Order Attribution<\/td><td>Session<\/td><td>HTTP Cookie<\/td><td>Traffic origin information for the visitor\u2019s current visit to your store<\/td><\/tr><tr><td>Statisztika<\/td><td>sbjs_first_add<\/td><td>ottostudio-props.com<\/td><td>Woocommerce Order Attribution<\/td><td>Session<\/td><td>HTTP Cookie<\/td><td>Timestamp, referring URL, and entry page for your visitor\u2019s first visit to the store (only applicable if the visitor returns before the session expires)<\/td><\/tr><tr><td>Statisztika<\/td><td>sbjs_current_add<\/td><td>ottostudio-props.com<\/td><td>Woocommerce Order Attribution<\/td><td>Session<\/td><td>HTTP Cookie<\/td><td>Timestamp, referring URL, and entry page for the visitor\u2019s current visit to the store<\/td><\/tr><tr><td>Statisztika<\/td><td>sbjs_migrations<\/td><td>ottostudio-props.com<\/td><td>Woocommerce Order Attribution<\/td><td>Session<\/td><td>HTTP Cookie<\/td><td>Technical data to help with migrations between different versions of the tracking feature<\/td><\/tr><\/tbody><\/table><p>A cookie-kra vonatkoz\u00f3 szab\u00e1lyzatot utolj\u00e1ra 2026-02-13 friss\u00edtett\u00e9k.<\/p>\n\n","protected":false},"excerpt":{"rendered":"","protected":false},"author":1,"featured_media":0,"parent":0,"menu_order":0,"comment_status":"closed","ping_status":"closed","template":"","meta":{"_seopress_robots_primary_cat":"","_seopress_titles_title":"","_seopress_titles_desc":"","_seopress_robots_index":"","_gspb_post_css":"","iawp_total_views":0,"footnotes":""},"hf_cat_page":[],"class_list":["post-2456","page","type-page","status-publish","hentry"],"blocksy_meta":[],"_links":{"self":[{"href":"https:\/\/ottostudio-props.com\/hu\/wp-json\/wp\/v2\/pages\/2456","targetHints":{"allow":["GET"]}}],"collection":[{"href":"https:\/\/ottostudio-props.com\/hu\/wp-json\/wp\/v2\/pages"}],"about":[{"href":"https:\/\/ottostudio-props.com\/hu\/wp-json\/wp\/v2\/types\/page"}],"author":[{"embeddable":true,"href":"https:\/\/ottostudio-props.com\/hu\/wp-json\/wp\/v2\/users\/1"}],"replies":[{"embeddable":true,"href":"https:\/\/ottostudio-props.com\/hu\/wp-json\/wp\/v2\/comments?post=2456"}],"version-history":[{"count":0,"href":"https:\/\/ottostudio-props.com\/hu\/wp-json\/wp\/v2\/pages\/2456\/revisions"}],"wp:attachment":[{"href":"https:\/\/ottostudio-props.com\/hu\/wp-json\/wp\/v2\/media?parent=2456"}],"wp:term":[{"taxonomy":"hf_cat_page","embeddable":true,"href":"https:\/\/ottostudio-props.com\/hu\/wp-json\/wp\/v2\/hf_cat_page?post=2456"}],"curies":[{"name":"wp","href":"https:\/\/api.w.org\/{rel}","templated":true}]}}