{"id":1618,"date":"2026-02-08T20:45:13","date_gmt":"2026-02-08T19:45:13","guid":{"rendered":"https:\/\/ottostudio-props.com\/product\/ipari-hocserelo-fal\/"},"modified":"2026-02-16T14:04:17","modified_gmt":"2026-02-16T13:04:17","slug":"ipari-hocserelo-fal","status":"publish","type":"product","link":"https:\/\/ottostudio-props.com\/hu\/product\/ipari-hocserelo-fal\/","title":{"rendered":"Ipari H\u0151cser\u00e9l\u0151 Fal"},"content":{"rendered":"<p>Er\u0151m\u0171vi 50-es \u00e9vek orosz \u00f6nt\u00f6ttvas bord\u00e1s h\u0151cser\u00e9l\u0151k egyedi ac\u00e9llemez kalod\u00e1ba install\u00e1lva, m\u00e9hsejtr\u00e1cs burkolattal. 2 kisebb \u00e9s egy nagyobb \u00e1ll rendelekez\u00e9sre azonos fel\u00e9p\u00edt\u00e9ssel.<\/p>\n","protected":false},"excerpt":{"rendered":"<p>Er\u0151m\u0171vi 50-es \u00e9vek orosz \u00f6nt\u00f6ttvas bord\u00e1s h\u0151cser\u00e9l\u0151k egyedi ac\u00e9llemez kalod\u00e1ba install\u00e1lva, m\u00e9hsejtr\u00e1cs burkolattal. 2 kisebb \u00e9s egy nagyobb \u00e1ll rendelekez\u00e9sre azonos fel\u00e9p\u00edt\u00e9ssel.<\/p>\n","protected":false},"featured_media":1619,"template":"","meta":{"_seopress_robots_primary_cat":"","_seopress_titles_title":"","_seopress_titles_desc":"","_seopress_robots_index":"","_gspb_post_css":"","iawp_total_views":0},"product_brand":[],"product_cat":[68],"product_tag":[394,390,397,391,389,395,535,398,392,393,396],"hf_cat_product":[],"class_list":{"0":"post-1618","1":"product","2":"type-product","3":"status-publish","4":"has-post-thumbnail","6":"product_cat-ipar-gyar-eromu","7":"product_tag-acel","8":"product_tag-eromu","9":"product_tag-femszin","10":"product_tag-hoeromu","11":"product_tag-ipari","12":"product_tag-kopott","13":"product_tag-loft","14":"product_tag-mehsejtracs","15":"product_tag-nehezipar","16":"product_tag-ontottvas","17":"product_tag-terelvalaszto","18":"tm-has-options","20":"first","21":"outofstock","22":"purchasable","23":"product-type-simple"},"_links":{"self":[{"href":"https:\/\/ottostudio-props.com\/hu\/wp-json\/wp\/v2\/product\/1618","targetHints":{"allow":["GET"]}}],"collection":[{"href":"https:\/\/ottostudio-props.com\/hu\/wp-json\/wp\/v2\/product"}],"about":[{"href":"https:\/\/ottostudio-props.com\/hu\/wp-json\/wp\/v2\/types\/product"}],"wp:featuredmedia":[{"embeddable":true,"href":"https:\/\/ottostudio-props.com\/hu\/wp-json\/wp\/v2\/media\/1619"}],"wp:attachment":[{"href":"https:\/\/ottostudio-props.com\/hu\/wp-json\/wp\/v2\/media?parent=1618"}],"wp:term":[{"taxonomy":"product_brand","embeddable":true,"href":"https:\/\/ottostudio-props.com\/hu\/wp-json\/wp\/v2\/product_brand?post=1618"},{"taxonomy":"product_cat","embeddable":true,"href":"https:\/\/ottostudio-props.com\/hu\/wp-json\/wp\/v2\/product_cat?post=1618"},{"taxonomy":"product_tag","embeddable":true,"href":"https:\/\/ottostudio-props.com\/hu\/wp-json\/wp\/v2\/product_tag?post=1618"},{"taxonomy":"hf_cat_product","embeddable":true,"href":"https:\/\/ottostudio-props.com\/hu\/wp-json\/wp\/v2\/hf_cat_product?post=1618"}],"curies":[{"name":"wp","href":"https:\/\/api.w.org\/{rel}","templated":true}]}}