{"id":1631,"date":"2026-02-08T20:45:13","date_gmt":"2026-02-08T19:45:13","guid":{"rendered":"https:\/\/ottostudio-props.com\/product\/iranyito-ellenorzo-fal-nr-3\/"},"modified":"2026-02-08T20:45:24","modified_gmt":"2026-02-08T19:45:24","slug":"iranyito-ellenorzo-fal-nr-3","status":"publish","type":"product","link":"https:\/\/ottostudio-props.com\/hu\/product\/iranyito-ellenorzo-fal-nr-3\/","title":{"rendered":"Ir\u00e1ny\u00edt\u00f3 \u2013 Ellen\u0151rz\u0151 Fal Nr. 3"},"content":{"rendered":"<p>egyen\u00e1ram-v\u00e1lt\u00f3\u00e1ram vez\u00e9nyl\u0151-ellen\u0151rz\u0151 fal r\u00e9gi er\u0151m\u0171b\u0151l. A gombok-visszajelz\u0151k k\u00fcl\u00f6n k\u00e9r\u00e9sre vil\u00e1g\u00edthatnak. Hasonl\u00f3 vez\u00e9nyl\u0151 falak rendelkez\u00e9sre \u00e1llnak k\u00fcl\u00f6nb\u00f6z\u0151 hosszakban.<\/p>\n","protected":false},"excerpt":{"rendered":"<p>egyen\u00e1ram-v\u00e1lt\u00f3\u00e1ram vez\u00e9nyl\u0151-ellen\u0151rz\u0151 fal r\u00e9gi er\u0151m\u0171b\u0151l. A gombok-visszajelz\u0151k k\u00fcl\u00f6n k\u00e9r\u00e9sre vil\u00e1g\u00edthatnak. Hasonl\u00f3 vez\u00e9nyl\u0151 falak rendelkez\u00e9sre \u00e1llnak k\u00fcl\u00f6nb\u00f6z\u0151 hosszakban.<\/p>\n","protected":false},"featured_media":1632,"template":"","meta":{"_seopress_robots_primary_cat":"","_seopress_titles_title":"","_seopress_titles_desc":"","_seopress_robots_index":"","_gspb_post_css":"","iawp_total_views":0},"product_brand":[],"product_cat":[68],"product_tag":[394,407,400,390,402,403,538,405,391,389,395,535,406,392,393,396,404,401],"hf_cat_product":[],"class_list":{"0":"post-1631","1":"product","2":"type-product","3":"status-publish","4":"has-post-thumbnail","6":"product_cat-ipar-gyar-eromu","7":"product_tag-acel","8":"product_tag-analog-kijelzok","9":"product_tag-bakelit","10":"product_tag-eromu","11":"product_tag-fako","12":"product_tag-fekete","13":"product_tag-generator","14":"product_tag-gombok","15":"product_tag-hoeromu","16":"product_tag-ipari","17":"product_tag-kopott","18":"product_tag-loft","19":"product_tag-meroorak","20":"product_tag-nehezipar","21":"product_tag-ontottvas","22":"product_tag-terelvalaszto","23":"product_tag-vilagithat","24":"product_tag-zold","25":"tm-has-options","27":"first","28":"instock","29":"purchasable","30":"product-type-simple"},"_links":{"self":[{"href":"https:\/\/ottostudio-props.com\/hu\/wp-json\/wp\/v2\/product\/1631","targetHints":{"allow":["GET"]}}],"collection":[{"href":"https:\/\/ottostudio-props.com\/hu\/wp-json\/wp\/v2\/product"}],"about":[{"href":"https:\/\/ottostudio-props.com\/hu\/wp-json\/wp\/v2\/types\/product"}],"wp:featuredmedia":[{"embeddable":true,"href":"https:\/\/ottostudio-props.com\/hu\/wp-json\/wp\/v2\/media\/1632"}],"wp:attachment":[{"href":"https:\/\/ottostudio-props.com\/hu\/wp-json\/wp\/v2\/media?parent=1631"}],"wp:term":[{"taxonomy":"product_brand","embeddable":true,"href":"https:\/\/ottostudio-props.com\/hu\/wp-json\/wp\/v2\/product_brand?post=1631"},{"taxonomy":"product_cat","embeddable":true,"href":"https:\/\/ottostudio-props.com\/hu\/wp-json\/wp\/v2\/product_cat?post=1631"},{"taxonomy":"product_tag","embeddable":true,"href":"https:\/\/ottostudio-props.com\/hu\/wp-json\/wp\/v2\/product_tag?post=1631"},{"taxonomy":"hf_cat_product","embeddable":true,"href":"https:\/\/ottostudio-props.com\/hu\/wp-json\/wp\/v2\/hf_cat_product?post=1631"}],"curies":[{"name":"wp","href":"https:\/\/api.w.org\/{rel}","templated":true}]}}