{"id":1636,"date":"2026-02-08T20:45:13","date_gmt":"2026-02-08T19:45:13","guid":{"rendered":"https:\/\/ottostudio-props.com\/product\/fa-vizsgalolepcso\/"},"modified":"2026-02-08T20:45:28","modified_gmt":"2026-02-08T19:45:28","slug":"fa-vizsgalolepcso","status":"publish","type":"product","link":"https:\/\/ottostudio-props.com\/hu\/product\/fa-vizsgalolepcso\/","title":{"rendered":"Fa Vizsg\u00e1l\u00f3l\u00e9pcs\u0151"},"content":{"rendered":"<p>er\u0151sen haszn\u00e1lt 3 fok\u00fa fa vizsg\u00e1l\u00f3 l\u00e9pcs\u0151 \u2013 p\u00f3dium<\/p>\n","protected":false},"excerpt":{"rendered":"<p>er\u0151sen haszn\u00e1lt 3 fok\u00fa fa vizsg\u00e1l\u00f3 l\u00e9pcs\u0151 \u2013 p\u00f3dium<\/p>\n","protected":false},"featured_media":1637,"template":"","meta":{"_seopress_robots_primary_cat":"","_seopress_titles_title":"","_seopress_titles_desc":"","_seopress_robots_index":"","_gspb_post_css":"","iawp_total_views":0},"product_brand":[],"product_cat":[68,73],"product_tag":[428,426,389,425,395,535,429,427],"hf_cat_product":[],"class_list":{"0":"post-1636","1":"product","2":"type-product","3":"status-publish","4":"has-post-thumbnail","6":"product_cat-ipar-gyar-eromu","7":"product_cat-kereskedelem-vendeglatas-szolgaltatas-iroda","8":"product_tag-barna","9":"product_tag-fa","10":"product_tag-ipari","11":"product_tag-konyvtar","12":"product_tag-kopott","13":"product_tag-loft","14":"product_tag-oktatas","15":"product_tag-sokat-hasznalt","16":"tm-has-options","18":"first","19":"instock","20":"purchasable","21":"product-type-simple"},"_links":{"self":[{"href":"https:\/\/ottostudio-props.com\/hu\/wp-json\/wp\/v2\/product\/1636","targetHints":{"allow":["GET"]}}],"collection":[{"href":"https:\/\/ottostudio-props.com\/hu\/wp-json\/wp\/v2\/product"}],"about":[{"href":"https:\/\/ottostudio-props.com\/hu\/wp-json\/wp\/v2\/types\/product"}],"wp:featuredmedia":[{"embeddable":true,"href":"https:\/\/ottostudio-props.com\/hu\/wp-json\/wp\/v2\/media\/1637"}],"wp:attachment":[{"href":"https:\/\/ottostudio-props.com\/hu\/wp-json\/wp\/v2\/media?parent=1636"}],"wp:term":[{"taxonomy":"product_brand","embeddable":true,"href":"https:\/\/ottostudio-props.com\/hu\/wp-json\/wp\/v2\/product_brand?post=1636"},{"taxonomy":"product_cat","embeddable":true,"href":"https:\/\/ottostudio-props.com\/hu\/wp-json\/wp\/v2\/product_cat?post=1636"},{"taxonomy":"product_tag","embeddable":true,"href":"https:\/\/ottostudio-props.com\/hu\/wp-json\/wp\/v2\/product_tag?post=1636"},{"taxonomy":"hf_cat_product","embeddable":true,"href":"https:\/\/ottostudio-props.com\/hu\/wp-json\/wp\/v2\/hf_cat_product?post=1636"}],"curies":[{"name":"wp","href":"https:\/\/api.w.org\/{rel}","templated":true}]}}