{"id":1640,"date":"2026-02-08T20:45:13","date_gmt":"2026-02-08T19:45:13","guid":{"rendered":"https:\/\/ottostudio-props.com\/product\/ipari-acel-vizsgalolepcso\/"},"modified":"2026-02-08T20:45:30","modified_gmt":"2026-02-08T19:45:30","slug":"ipari-acel-vizsgalolepcso","status":"publish","type":"product","link":"https:\/\/ottostudio-props.com\/hu\/product\/ipari-acel-vizsgalolepcso\/","title":{"rendered":"Ipari Ac\u00e9l Vizsg\u00e1l\u00f3l\u00e9pcs\u0151"},"content":{"rendered":"<p>er\u0151sen haszn\u00e1lt ac\u00e9l vizsg\u00e1l\u00f3 l\u00e9pcs\u0151 \u2013 p\u00f3dium<\/p>\n","protected":false},"excerpt":{"rendered":"<p>er\u0151sen haszn\u00e1lt ac\u00e9l vizsg\u00e1l\u00f3 l\u00e9pcs\u0151 \u2013 p\u00f3dium<\/p>\n","protected":false},"featured_media":1641,"template":"","meta":{"_seopress_robots_primary_cat":"","_seopress_titles_title":"","_seopress_titles_desc":"","_seopress_robots_index":"","_gspb_post_css":"","iawp_total_views":0},"product_brand":[],"product_cat":[68],"product_tag":[394,390,402,391,389,395,535,392,393,431,427,401],"hf_cat_product":[],"class_list":{"0":"post-1640","1":"product","2":"type-product","3":"status-publish","4":"has-post-thumbnail","6":"product_cat-ipar-gyar-eromu","7":"product_tag-acel","8":"product_tag-eromu","9":"product_tag-fako","10":"product_tag-hoeromu","11":"product_tag-ipari","12":"product_tag-kopott","13":"product_tag-loft","14":"product_tag-nehezipar","15":"product_tag-ontottvas","16":"product_tag-sarga","17":"product_tag-sokat-hasznalt","18":"product_tag-zold","19":"tm-has-options","21":"first","22":"instock","23":"purchasable","24":"product-type-simple"},"_links":{"self":[{"href":"https:\/\/ottostudio-props.com\/hu\/wp-json\/wp\/v2\/product\/1640","targetHints":{"allow":["GET"]}}],"collection":[{"href":"https:\/\/ottostudio-props.com\/hu\/wp-json\/wp\/v2\/product"}],"about":[{"href":"https:\/\/ottostudio-props.com\/hu\/wp-json\/wp\/v2\/types\/product"}],"wp:featuredmedia":[{"embeddable":true,"href":"https:\/\/ottostudio-props.com\/hu\/wp-json\/wp\/v2\/media\/1641"}],"wp:attachment":[{"href":"https:\/\/ottostudio-props.com\/hu\/wp-json\/wp\/v2\/media?parent=1640"}],"wp:term":[{"taxonomy":"product_brand","embeddable":true,"href":"https:\/\/ottostudio-props.com\/hu\/wp-json\/wp\/v2\/product_brand?post=1640"},{"taxonomy":"product_cat","embeddable":true,"href":"https:\/\/ottostudio-props.com\/hu\/wp-json\/wp\/v2\/product_cat?post=1640"},{"taxonomy":"product_tag","embeddable":true,"href":"https:\/\/ottostudio-props.com\/hu\/wp-json\/wp\/v2\/product_tag?post=1640"},{"taxonomy":"hf_cat_product","embeddable":true,"href":"https:\/\/ottostudio-props.com\/hu\/wp-json\/wp\/v2\/hf_cat_product?post=1640"}],"curies":[{"name":"wp","href":"https:\/\/api.w.org\/{rel}","templated":true}]}}