{"id":1644,"date":"2026-02-08T20:45:13","date_gmt":"2026-02-08T19:45:13","guid":{"rendered":"https:\/\/ottostudio-props.com\/product\/fa-vizsgalolepcso-nr-2-laboratoriumi\/"},"modified":"2026-02-08T20:45:33","modified_gmt":"2026-02-08T19:45:33","slug":"fa-vizsgalolepcso-nr-2-laboratoriumi","status":"publish","type":"product","link":"https:\/\/ottostudio-props.com\/hu\/product\/fa-vizsgalolepcso-nr-2-laboratoriumi\/","title":{"rendered":"Fa Vizsg\u00e1l\u00f3l\u00e9pcs\u0151 Nr. 2 Laborat\u00f3riumi"},"content":{"rendered":"<p>er\u0151sen haszn\u00e1lt 2 fok\u00fa fa laborat\u00f3riumi vizsg\u00e1l\u00f3 l\u00e9pcs\u0151 \u2013 p\u00f3dium<\/p>\n","protected":false},"excerpt":{"rendered":"<p>er\u0151sen haszn\u00e1lt 2 fok\u00fa fa laborat\u00f3riumi vizsg\u00e1l\u00f3 l\u00e9pcs\u0151 \u2013 p\u00f3dium<\/p>\n","protected":false},"featured_media":1645,"template":"","meta":{"_seopress_robots_primary_cat":"","_seopress_titles_title":"","_seopress_titles_desc":"","_seopress_robots_index":"","_gspb_post_css":"","iawp_total_views":0},"product_brand":[],"product_cat":[69],"product_tag":[438,426,437,389,425,395,436,535,429,439,427,401],"hf_cat_product":[],"class_list":{"0":"post-1644","1":"product","2":"type-product","3":"status-publish","4":"has-post-thumbnail","6":"product_cat-orvosi-tudomanyos","7":"product_tag-bizarr","8":"product_tag-fa","9":"product_tag-feher","10":"product_tag-ipari","11":"product_tag-konyvtar","12":"product_tag-kopott","13":"product_tag-laboratorium","14":"product_tag-loft","15":"product_tag-oktatas","16":"product_tag-orvosi","17":"product_tag-sokat-hasznalt","18":"product_tag-zold","19":"tm-has-options","21":"first","22":"instock","23":"purchasable","24":"product-type-simple"},"_links":{"self":[{"href":"https:\/\/ottostudio-props.com\/hu\/wp-json\/wp\/v2\/product\/1644","targetHints":{"allow":["GET"]}}],"collection":[{"href":"https:\/\/ottostudio-props.com\/hu\/wp-json\/wp\/v2\/product"}],"about":[{"href":"https:\/\/ottostudio-props.com\/hu\/wp-json\/wp\/v2\/types\/product"}],"wp:featuredmedia":[{"embeddable":true,"href":"https:\/\/ottostudio-props.com\/hu\/wp-json\/wp\/v2\/media\/1645"}],"wp:attachment":[{"href":"https:\/\/ottostudio-props.com\/hu\/wp-json\/wp\/v2\/media?parent=1644"}],"wp:term":[{"taxonomy":"product_brand","embeddable":true,"href":"https:\/\/ottostudio-props.com\/hu\/wp-json\/wp\/v2\/product_brand?post=1644"},{"taxonomy":"product_cat","embeddable":true,"href":"https:\/\/ottostudio-props.com\/hu\/wp-json\/wp\/v2\/product_cat?post=1644"},{"taxonomy":"product_tag","embeddable":true,"href":"https:\/\/ottostudio-props.com\/hu\/wp-json\/wp\/v2\/product_tag?post=1644"},{"taxonomy":"hf_cat_product","embeddable":true,"href":"https:\/\/ottostudio-props.com\/hu\/wp-json\/wp\/v2\/hf_cat_product?post=1644"}],"curies":[{"name":"wp","href":"https:\/\/api.w.org\/{rel}","templated":true}]}}