{"id":1652,"date":"2026-02-08T20:45:13","date_gmt":"2026-02-08T19:45:13","guid":{"rendered":"https:\/\/ottostudio-props.com\/product\/3-kereku-allvany-ipari-furogeppel\/"},"modified":"2026-02-08T20:45:38","modified_gmt":"2026-02-08T19:45:38","slug":"3-kereku-allvany-ipari-furogeppel","status":"publish","type":"product","link":"https:\/\/ottostudio-props.com\/hu\/product\/3-kereku-allvany-ipari-furogeppel\/","title":{"rendered":"3 Kerek\u0171 \u00c1llv\u00e1ny Ipari F\u00far\u00f3g\u00e9ppel"},"content":{"rendered":"<p>3 kerek\u0171 \u00e1llv\u00e1ny 50-es \u00e9vek telep\u00edtett ipari f\u00far\u00f3g\u00e9ppel, munkal\u00e1mp\u00e1val<\/p>\n","protected":false},"excerpt":{"rendered":"<p>3 kerek\u0171 \u00e1llv\u00e1ny 50-es \u00e9vek telep\u00edtett ipari f\u00far\u00f3g\u00e9ppel, munkal\u00e1mp\u00e1val<\/p>\n","protected":false},"featured_media":1653,"template":"","meta":{"_seopress_robots_primary_cat":"","_seopress_titles_title":"","_seopress_titles_desc":"","_seopress_robots_index":"","_gspb_post_css":"","iawp_total_views":0},"product_brand":[],"product_cat":[68],"product_tag":[394,390,447,454,391,389,395,453,535,446,392,393,450,449,448,401],"hf_cat_product":[],"class_list":{"0":"post-1652","1":"product","2":"type-product","3":"status-publish","4":"has-post-thumbnail","6":"product_cat-ipar-gyar-eromu","7":"product_tag-acel","8":"product_tag-eromu","9":"product_tag-garazs","10":"product_tag-gep","11":"product_tag-hoeromu","12":"product_tag-ipari","13":"product_tag-kopott","14":"product_tag-lampa","15":"product_tag-loft","16":"product_tag-muhely","17":"product_tag-nehezipar","18":"product_tag-ontottvas","19":"product_tag-szerszamok","20":"product_tag-szerszamos-szekreny","21":"product_tag-szerszamoslada","22":"product_tag-zold","23":"tm-has-options","25":"first","26":"instock","27":"purchasable","28":"product-type-simple"},"_links":{"self":[{"href":"https:\/\/ottostudio-props.com\/hu\/wp-json\/wp\/v2\/product\/1652","targetHints":{"allow":["GET"]}}],"collection":[{"href":"https:\/\/ottostudio-props.com\/hu\/wp-json\/wp\/v2\/product"}],"about":[{"href":"https:\/\/ottostudio-props.com\/hu\/wp-json\/wp\/v2\/types\/product"}],"wp:featuredmedia":[{"embeddable":true,"href":"https:\/\/ottostudio-props.com\/hu\/wp-json\/wp\/v2\/media\/1653"}],"wp:attachment":[{"href":"https:\/\/ottostudio-props.com\/hu\/wp-json\/wp\/v2\/media?parent=1652"}],"wp:term":[{"taxonomy":"product_brand","embeddable":true,"href":"https:\/\/ottostudio-props.com\/hu\/wp-json\/wp\/v2\/product_brand?post=1652"},{"taxonomy":"product_cat","embeddable":true,"href":"https:\/\/ottostudio-props.com\/hu\/wp-json\/wp\/v2\/product_cat?post=1652"},{"taxonomy":"product_tag","embeddable":true,"href":"https:\/\/ottostudio-props.com\/hu\/wp-json\/wp\/v2\/product_tag?post=1652"},{"taxonomy":"hf_cat_product","embeddable":true,"href":"https:\/\/ottostudio-props.com\/hu\/wp-json\/wp\/v2\/hf_cat_product?post=1652"}],"curies":[{"name":"wp","href":"https:\/\/api.w.org\/{rel}","templated":true}]}}