{"id":1656,"date":"2026-02-08T20:45:13","date_gmt":"2026-02-08T19:45:13","guid":{"rendered":"https:\/\/ottostudio-props.com\/product\/robbanasbiztos-tarolo-szekreny-kek\/"},"modified":"2026-02-08T20:45:41","modified_gmt":"2026-02-08T19:45:41","slug":"robbanasbiztos-tarolo-szekreny-kek","status":"publish","type":"product","link":"https:\/\/ottostudio-props.com\/hu\/product\/robbanasbiztos-tarolo-szekreny-kek\/","title":{"rendered":"Robban\u00e1sbiztos T\u00e1rol\u00f3 Szekr\u00e9ny \u2013 K\u00e9k"},"content":{"rendered":"<p>er\u0151sen haszn\u00e1lt robban\u00e1sbiztos t\u00e1rol\u00f3 g\u00f6rg\u0151s talpon<\/p>\n","protected":false},"excerpt":{"rendered":"<p>er\u0151sen haszn\u00e1lt robban\u00e1sbiztos t\u00e1rol\u00f3 g\u00f6rg\u0151s talpon<\/p>\n","protected":false},"featured_media":1657,"template":"","meta":{"_seopress_robots_primary_cat":"","_seopress_titles_title":"","_seopress_titles_desc":"","_seopress_robots_index":"","_gspb_post_css":"","iawp_total_views":0},"product_brand":[],"product_cat":[68],"product_tag":[394,390,447,391,389,458,395,436,535,446,392,393,459,449,460],"hf_cat_product":[],"class_list":{"0":"post-1656","1":"product","2":"type-product","3":"status-publish","4":"has-post-thumbnail","6":"product_cat-ipar-gyar-eromu","7":"product_tag-acel","8":"product_tag-eromu","9":"product_tag-garazs","10":"product_tag-hoeromu","11":"product_tag-ipari","12":"product_tag-kek","13":"product_tag-kopott","14":"product_tag-laboratorium","15":"product_tag-loft","16":"product_tag-muhely","17":"product_tag-nehezipar","18":"product_tag-ontottvas","19":"product_tag-robbanoanyag","20":"product_tag-szerszamos-szekreny","21":"product_tag-vegyszerek","22":"tm-has-options","24":"first","25":"instock","26":"purchasable","27":"product-type-simple"},"_links":{"self":[{"href":"https:\/\/ottostudio-props.com\/hu\/wp-json\/wp\/v2\/product\/1656","targetHints":{"allow":["GET"]}}],"collection":[{"href":"https:\/\/ottostudio-props.com\/hu\/wp-json\/wp\/v2\/product"}],"about":[{"href":"https:\/\/ottostudio-props.com\/hu\/wp-json\/wp\/v2\/types\/product"}],"wp:featuredmedia":[{"embeddable":true,"href":"https:\/\/ottostudio-props.com\/hu\/wp-json\/wp\/v2\/media\/1657"}],"wp:attachment":[{"href":"https:\/\/ottostudio-props.com\/hu\/wp-json\/wp\/v2\/media?parent=1656"}],"wp:term":[{"taxonomy":"product_brand","embeddable":true,"href":"https:\/\/ottostudio-props.com\/hu\/wp-json\/wp\/v2\/product_brand?post=1656"},{"taxonomy":"product_cat","embeddable":true,"href":"https:\/\/ottostudio-props.com\/hu\/wp-json\/wp\/v2\/product_cat?post=1656"},{"taxonomy":"product_tag","embeddable":true,"href":"https:\/\/ottostudio-props.com\/hu\/wp-json\/wp\/v2\/product_tag?post=1656"},{"taxonomy":"hf_cat_product","embeddable":true,"href":"https:\/\/ottostudio-props.com\/hu\/wp-json\/wp\/v2\/hf_cat_product?post=1656"}],"curies":[{"name":"wp","href":"https:\/\/api.w.org\/{rel}","templated":true}]}}