{"id":1660,"date":"2026-02-08T20:45:43","date_gmt":"2026-02-08T19:45:43","guid":{"rendered":"https:\/\/ottostudio-props.com\/product\/rolos-fem-iroasztal\/"},"modified":"2026-02-08T20:45:45","modified_gmt":"2026-02-08T19:45:45","slug":"rolos-fem-iroasztal","status":"publish","type":"product","link":"https:\/\/ottostudio-props.com\/hu\/product\/rolos-fem-iroasztal\/","title":{"rendered":"Rol\u00f3s F\u00e9m \u00cdr\u00f3asztal"},"content":{"rendered":"<p>f\u00e9m rol\u00f3s \u00edr\u00f3asztal z\u00f6ldes-sz\u00fcrke, Emeco, Shaw Walker, general Fireproofing st\u00edlus<\/p>\n","protected":false},"excerpt":{"rendered":"<p>f\u00e9m rol\u00f3s \u00edr\u00f3asztal z\u00f6ldes-sz\u00fcrke, Emeco, Shaw Walker, general Fireproofing st\u00edlus<\/p>\n","protected":false},"featured_media":1661,"template":"","meta":{"_seopress_robots_primary_cat":"","_seopress_titles_title":"","_seopress_titles_desc":"","_seopress_robots_index":"","_gspb_post_css":"","iawp_total_views":0},"product_brand":[],"product_cat":[66,70,73,113],"product_tag":[394,478,475,541,479,539,474,476,473,535,537,542,536,477,401],"hf_cat_product":[],"class_list":{"0":"post-1660","1":"product","2":"type-product","3":"status-publish","4":"has-post-thumbnail","6":"product_cat-hetkoznapi-elet-sport-reklam","7":"product_cat-katonai-rendvedelmi","8":"product_cat-kereskedelem-vendeglatas-szolgaltatas-iroda","9":"product_cat-propaganda-politika","10":"product_tag-acel","11":"product_tag-asztal","12":"product_tag-butor","13":"product_tag-emeco","14":"product_tag-fem","15":"product_tag-general-fireproofing","16":"product_tag-hadsereg","17":"product_tag-ipar","18":"product_tag-iroda","19":"product_tag-loft","20":"product_tag-machine-age","21":"product_tag-mcm","22":"product_tag-shaw-walker","23":"product_tag-szurke","24":"product_tag-zold","25":"tm-has-options","27":"first","28":"instock","29":"purchasable","30":"product-type-simple"},"_links":{"self":[{"href":"https:\/\/ottostudio-props.com\/hu\/wp-json\/wp\/v2\/product\/1660","targetHints":{"allow":["GET"]}}],"collection":[{"href":"https:\/\/ottostudio-props.com\/hu\/wp-json\/wp\/v2\/product"}],"about":[{"href":"https:\/\/ottostudio-props.com\/hu\/wp-json\/wp\/v2\/types\/product"}],"wp:featuredmedia":[{"embeddable":true,"href":"https:\/\/ottostudio-props.com\/hu\/wp-json\/wp\/v2\/media\/1661"}],"wp:attachment":[{"href":"https:\/\/ottostudio-props.com\/hu\/wp-json\/wp\/v2\/media?parent=1660"}],"wp:term":[{"taxonomy":"product_brand","embeddable":true,"href":"https:\/\/ottostudio-props.com\/hu\/wp-json\/wp\/v2\/product_brand?post=1660"},{"taxonomy":"product_cat","embeddable":true,"href":"https:\/\/ottostudio-props.com\/hu\/wp-json\/wp\/v2\/product_cat?post=1660"},{"taxonomy":"product_tag","embeddable":true,"href":"https:\/\/ottostudio-props.com\/hu\/wp-json\/wp\/v2\/product_tag?post=1660"},{"taxonomy":"hf_cat_product","embeddable":true,"href":"https:\/\/ottostudio-props.com\/hu\/wp-json\/wp\/v2\/hf_cat_product?post=1660"}],"curies":[{"name":"wp","href":"https:\/\/api.w.org\/{rel}","templated":true}]}}