{"id":1668,"date":"2026-02-08T20:45:43","date_gmt":"2026-02-08T19:45:43","guid":{"rendered":"https:\/\/ottostudio-props.com\/product\/egyedi-orias-lampafej\/"},"modified":"2026-02-08T20:45:57","modified_gmt":"2026-02-08T19:45:57","slug":"egyedi-orias-lampafej","status":"publish","type":"product","link":"https:\/\/ottostudio-props.com\/hu\/product\/egyedi-orias-lampafej\/","title":{"rendered":"Egyedi \u00d3ri\u00e1s L\u00e1mpafej"},"content":{"rendered":"<p>egyedi \u00f3ri\u00e1s l\u00e1mpafej magass\u00e1g \u00e9s sz\u00f6g\u00e1ll\u00edt\u00e1ssal, gy\u0171r\u0171ben kapcsolhat\u00f3 vil\u00e1g\u00edt\u00e1s magass\u00e1g 420cm-ig emelhet\u0151<\/p>\n","protected":false},"excerpt":{"rendered":"<p>egyedi \u00f3ri\u00e1s l\u00e1mpafej magass\u00e1g \u00e9s sz\u00f6g\u00e1ll\u00edt\u00e1ssal, gy\u0171r\u0171ben kapcsolhat\u00f3 vil\u00e1g\u00edt\u00e1s magass\u00e1g 420cm-ig emelhet\u0151<\/p>\n","protected":false},"featured_media":1669,"template":"","meta":{"_seopress_robots_primary_cat":"","_seopress_titles_title":"","_seopress_titles_desc":"","_seopress_robots_index":"","_gspb_post_css":"","iawp_total_views":0},"product_brand":[],"product_cat":[64,72,69],"product_tag":[535,540],"hf_cat_product":[],"class_list":{"0":"post-1668","1":"product","2":"type-product","3":"status-publish","4":"has-post-thumbnail","6":"product_cat-muveszet-egyedi","7":"product_cat-optika-foto-film","8":"product_cat-orvosi-tudomanyos","9":"product_tag-loft","10":"product_tag-modern","11":"tm-has-options","13":"first","14":"instock","15":"purchasable","16":"product-type-simple"},"_links":{"self":[{"href":"https:\/\/ottostudio-props.com\/hu\/wp-json\/wp\/v2\/product\/1668","targetHints":{"allow":["GET"]}}],"collection":[{"href":"https:\/\/ottostudio-props.com\/hu\/wp-json\/wp\/v2\/product"}],"about":[{"href":"https:\/\/ottostudio-props.com\/hu\/wp-json\/wp\/v2\/types\/product"}],"wp:featuredmedia":[{"embeddable":true,"href":"https:\/\/ottostudio-props.com\/hu\/wp-json\/wp\/v2\/media\/1669"}],"wp:attachment":[{"href":"https:\/\/ottostudio-props.com\/hu\/wp-json\/wp\/v2\/media?parent=1668"}],"wp:term":[{"taxonomy":"product_brand","embeddable":true,"href":"https:\/\/ottostudio-props.com\/hu\/wp-json\/wp\/v2\/product_brand?post=1668"},{"taxonomy":"product_cat","embeddable":true,"href":"https:\/\/ottostudio-props.com\/hu\/wp-json\/wp\/v2\/product_cat?post=1668"},{"taxonomy":"product_tag","embeddable":true,"href":"https:\/\/ottostudio-props.com\/hu\/wp-json\/wp\/v2\/product_tag?post=1668"},{"taxonomy":"hf_cat_product","embeddable":true,"href":"https:\/\/ottostudio-props.com\/hu\/wp-json\/wp\/v2\/hf_cat_product?post=1668"}],"curies":[{"name":"wp","href":"https:\/\/api.w.org\/{rel}","templated":true}]}}