{"id":1676,"date":"2026-02-08T20:45:43","date_gmt":"2026-02-08T19:45:43","guid":{"rendered":"https:\/\/ottostudio-props.com\/product\/fa-tomb-vasontveny-talpakon\/"},"modified":"2026-02-08T20:46:09","modified_gmt":"2026-02-08T19:46:09","slug":"fa-tomb-vasontveny-talpakon","status":"publish","type":"product","link":"https:\/\/ottostudio-props.com\/hu\/product\/fa-tomb-vasontveny-talpakon\/","title":{"rendered":"Fa T\u00f6mb Vas\u00f6ntv\u00e9ny Talpakon"},"content":{"rendered":"<p>\u00f6reg fa blokk \u00f6ntv\u00e9ny talpakon l\u00e1ngv\u00e1gott t\u00fcsk\u00e9kkel<\/p>\n","protected":false},"excerpt":{"rendered":"<p>\u00f6reg fa blokk \u00f6ntv\u00e9ny talpakon l\u00e1ngv\u00e1gott t\u00fcsk\u00e9kkel<\/p>\n","protected":false},"featured_media":1677,"template":"","meta":{"_seopress_robots_primary_cat":"","_seopress_titles_title":"","_seopress_titles_desc":"","_seopress_robots_index":"","_gspb_post_css":"","iawp_total_views":0},"product_brand":[],"product_cat":[68],"product_tag":[394,475,515,520,516,517,426,389,395,519,535,393,518],"hf_cat_product":[],"class_list":{"0":"post-1676","1":"product","2":"type-product","3":"status-publish","4":"has-post-thumbnail","6":"product_cat-ipar-gyar-eromu","7":"product_tag-acel","8":"product_tag-butor","9":"product_tag-durva","10":"product_tag-egett","11":"product_tag-erett","12":"product_tag-erosen-hasznalt","13":"product_tag-fa","14":"product_tag-ipari","15":"product_tag-kopott","16":"product_tag-lang-vagott","17":"product_tag-loft","18":"product_tag-ontottvas","19":"product_tag-rozsda","20":"tm-has-options","22":"first","23":"instock","24":"purchasable","25":"product-type-simple"},"_links":{"self":[{"href":"https:\/\/ottostudio-props.com\/hu\/wp-json\/wp\/v2\/product\/1676","targetHints":{"allow":["GET"]}}],"collection":[{"href":"https:\/\/ottostudio-props.com\/hu\/wp-json\/wp\/v2\/product"}],"about":[{"href":"https:\/\/ottostudio-props.com\/hu\/wp-json\/wp\/v2\/types\/product"}],"wp:featuredmedia":[{"embeddable":true,"href":"https:\/\/ottostudio-props.com\/hu\/wp-json\/wp\/v2\/media\/1677"}],"wp:attachment":[{"href":"https:\/\/ottostudio-props.com\/hu\/wp-json\/wp\/v2\/media?parent=1676"}],"wp:term":[{"taxonomy":"product_brand","embeddable":true,"href":"https:\/\/ottostudio-props.com\/hu\/wp-json\/wp\/v2\/product_brand?post=1676"},{"taxonomy":"product_cat","embeddable":true,"href":"https:\/\/ottostudio-props.com\/hu\/wp-json\/wp\/v2\/product_cat?post=1676"},{"taxonomy":"product_tag","embeddable":true,"href":"https:\/\/ottostudio-props.com\/hu\/wp-json\/wp\/v2\/product_tag?post=1676"},{"taxonomy":"hf_cat_product","embeddable":true,"href":"https:\/\/ottostudio-props.com\/hu\/wp-json\/wp\/v2\/hf_cat_product?post=1676"}],"curies":[{"name":"wp","href":"https:\/\/api.w.org\/{rel}","templated":true}]}}