{"id":1680,"date":"2026-02-08T20:45:43","date_gmt":"2026-02-08T19:45:43","guid":{"rendered":"https:\/\/ottostudio-props.com\/product\/ipari-ontottvas-kapcsolo-doboz-fali\/"},"modified":"2026-02-08T20:46:12","modified_gmt":"2026-02-08T19:46:12","slug":"ipari-ontottvas-kapcsolo-doboz-fali","status":"publish","type":"product","link":"https:\/\/ottostudio-props.com\/hu\/product\/ipari-ontottvas-kapcsolo-doboz-fali\/","title":{"rendered":"Ipari \u00d6nt\u00f6ttvas Kapcsol\u00f3 Doboz -Fali"},"content":{"rendered":"<p>neh\u00e9zipari \u00f3ri\u00e1s kapcsol\u00f3doboz \u00f6nt\u00f6ttvasb\u00f3l<\/p>\n","protected":false},"excerpt":{"rendered":"<p>neh\u00e9zipari \u00f3ri\u00e1s kapcsol\u00f3doboz \u00f6nt\u00f6ttvasb\u00f3l<\/p>\n","protected":false},"featured_media":1681,"template":"","meta":{"_seopress_robots_primary_cat":"","_seopress_titles_title":"","_seopress_titles_desc":"","_seopress_robots_index":"","_gspb_post_css":"","iawp_total_views":0},"product_brand":[],"product_cat":[68],"product_tag":[394,515,390,522,391,389,395,535,392,393,518],"hf_cat_product":[],"class_list":{"0":"post-1680","1":"product","2":"type-product","3":"status-publish","4":"has-post-thumbnail","6":"product_cat-ipar-gyar-eromu","7":"product_tag-acel","8":"product_tag-durva","9":"product_tag-eromu","10":"product_tag-fali","11":"product_tag-hoeromu","12":"product_tag-ipari","13":"product_tag-kopott","14":"product_tag-loft","15":"product_tag-nehezipar","16":"product_tag-ontottvas","17":"product_tag-rozsda","18":"tm-has-options","20":"first","21":"instock","22":"purchasable","23":"product-type-simple"},"_links":{"self":[{"href":"https:\/\/ottostudio-props.com\/hu\/wp-json\/wp\/v2\/product\/1680","targetHints":{"allow":["GET"]}}],"collection":[{"href":"https:\/\/ottostudio-props.com\/hu\/wp-json\/wp\/v2\/product"}],"about":[{"href":"https:\/\/ottostudio-props.com\/hu\/wp-json\/wp\/v2\/types\/product"}],"wp:featuredmedia":[{"embeddable":true,"href":"https:\/\/ottostudio-props.com\/hu\/wp-json\/wp\/v2\/media\/1681"}],"wp:attachment":[{"href":"https:\/\/ottostudio-props.com\/hu\/wp-json\/wp\/v2\/media?parent=1680"}],"wp:term":[{"taxonomy":"product_brand","embeddable":true,"href":"https:\/\/ottostudio-props.com\/hu\/wp-json\/wp\/v2\/product_brand?post=1680"},{"taxonomy":"product_cat","embeddable":true,"href":"https:\/\/ottostudio-props.com\/hu\/wp-json\/wp\/v2\/product_cat?post=1680"},{"taxonomy":"product_tag","embeddable":true,"href":"https:\/\/ottostudio-props.com\/hu\/wp-json\/wp\/v2\/product_tag?post=1680"},{"taxonomy":"hf_cat_product","embeddable":true,"href":"https:\/\/ottostudio-props.com\/hu\/wp-json\/wp\/v2\/hf_cat_product?post=1680"}],"curies":[{"name":"wp","href":"https:\/\/api.w.org\/{rel}","templated":true}]}}