{"id":1692,"date":"2026-02-08T20:45:43","date_gmt":"2026-02-08T19:45:43","guid":{"rendered":"https:\/\/ottostudio-props.com\/product\/szelep-zaro-szervos-kezikerek-ontottvas-talpazaton-nr-3\/"},"modified":"2026-02-08T20:46:19","modified_gmt":"2026-02-08T19:46:19","slug":"szelep-zaro-szervos-kezikerek-ontottvas-talpazaton-nr-3","status":"publish","type":"product","link":"https:\/\/ottostudio-props.com\/hu\/product\/szelep-zaro-szervos-kezikerek-ontottvas-talpazaton-nr-3\/","title":{"rendered":"Szelep-Z\u00e1r\u00f3 Szerv\u00f3s K\u00e9ziker\u00e9k \u00d6nt\u00f6ttvas Talpazaton Nr. 3"},"content":{"rendered":"<p>\u00f6nt\u00f6ttvas szelep nyit\u00f3-z\u00e1r\u00f3 k\u00e9ziker\u00e9k motoros szerv\u00f3val \u00f6nt\u00f6ttvas talpon   &#8211; m\u00e9g 5 darab hasonl\u00f3 van<\/p>\n","protected":false},"excerpt":{"rendered":"<p>\u00f6nt\u00f6ttvas szelep nyit\u00f3-z\u00e1r\u00f3 k\u00e9ziker\u00e9k motoros szerv\u00f3val \u00f6nt\u00f6ttvas talpon   &#8211; m\u00e9g 5 darab hasonl\u00f3 van<\/p>\n","protected":false},"featured_media":1693,"template":"","meta":{"_seopress_robots_primary_cat":"","_seopress_titles_title":"","_seopress_titles_desc":"","_seopress_robots_index":"","_gspb_post_css":"","iawp_total_views":0},"product_brand":[],"product_cat":[68],"product_tag":[394,527,390,437,391,389,528,395,535,392,393,530,518,431,529,401],"hf_cat_product":[],"class_list":{"0":"post-1692","1":"product","2":"type-product","3":"status-publish","4":"has-post-thumbnail","6":"product_cat-ipar-gyar-eromu","7":"product_tag-acel","8":"product_tag-allo-durva","9":"product_tag-eromu","10":"product_tag-feher","11":"product_tag-hoeromu","12":"product_tag-ipari","13":"product_tag-kezikerek","14":"product_tag-kopott","15":"product_tag-loft","16":"product_tag-nehezipar","17":"product_tag-ontottvas","18":"product_tag-retro-futurisztikus","19":"product_tag-rozsda","20":"product_tag-sarga","21":"product_tag-szelep","22":"product_tag-zold","23":"tm-has-options","25":"first","26":"instock","27":"purchasable","28":"product-type-simple"},"_links":{"self":[{"href":"https:\/\/ottostudio-props.com\/hu\/wp-json\/wp\/v2\/product\/1692","targetHints":{"allow":["GET"]}}],"collection":[{"href":"https:\/\/ottostudio-props.com\/hu\/wp-json\/wp\/v2\/product"}],"about":[{"href":"https:\/\/ottostudio-props.com\/hu\/wp-json\/wp\/v2\/types\/product"}],"wp:featuredmedia":[{"embeddable":true,"href":"https:\/\/ottostudio-props.com\/hu\/wp-json\/wp\/v2\/media\/1693"}],"wp:attachment":[{"href":"https:\/\/ottostudio-props.com\/hu\/wp-json\/wp\/v2\/media?parent=1692"}],"wp:term":[{"taxonomy":"product_brand","embeddable":true,"href":"https:\/\/ottostudio-props.com\/hu\/wp-json\/wp\/v2\/product_brand?post=1692"},{"taxonomy":"product_cat","embeddable":true,"href":"https:\/\/ottostudio-props.com\/hu\/wp-json\/wp\/v2\/product_cat?post=1692"},{"taxonomy":"product_tag","embeddable":true,"href":"https:\/\/ottostudio-props.com\/hu\/wp-json\/wp\/v2\/product_tag?post=1692"},{"taxonomy":"hf_cat_product","embeddable":true,"href":"https:\/\/ottostudio-props.com\/hu\/wp-json\/wp\/v2\/hf_cat_product?post=1692"}],"curies":[{"name":"wp","href":"https:\/\/api.w.org\/{rel}","templated":true}]}}