{"id":1701,"date":"2026-02-08T20:45:43","date_gmt":"2026-02-08T19:45:43","guid":{"rendered":"https:\/\/ottostudio-props.com\/product\/4-darab-ontottvas-szelep-nyito-zaro-kezikerek-manualis-ontottvas-talpon\/"},"modified":"2026-02-08T20:46:25","modified_gmt":"2026-02-08T19:46:25","slug":"4-darab-ontottvas-szelep-nyito-zaro-kezikerek-manualis-ontottvas-talpon","status":"publish","type":"product","link":"https:\/\/ottostudio-props.com\/hu\/product\/4-darab-ontottvas-szelep-nyito-zaro-kezikerek-manualis-ontottvas-talpon\/","title":{"rendered":"4 Darab \u00d6nt\u00f6ttvas Szelep Nyit\u00f3-Z\u00e1r\u00f3 K\u00e9ziker\u00e9k Manu\u00e1lis \u00d6nt\u00f6ttvas Talpon"},"content":{"rendered":"<p>4 darab \u00f6nt\u00f6ttvas szelep nyit\u00f3-z\u00e1r\u00f3 k\u00e9ziker\u00e9k manu\u00e1lis \u00f6nt\u00f6ttvas talpon<\/p>\n","protected":false},"excerpt":{"rendered":"<p>4 darab \u00f6nt\u00f6ttvas szelep nyit\u00f3-z\u00e1r\u00f3 k\u00e9ziker\u00e9k manu\u00e1lis \u00f6nt\u00f6ttvas talpon<\/p>\n","protected":false},"featured_media":1702,"template":"","meta":{"_seopress_robots_primary_cat":"","_seopress_titles_title":"","_seopress_titles_desc":"","_seopress_robots_index":"","_gspb_post_css":"","iawp_total_views":0},"product_brand":[],"product_cat":[68],"product_tag":[394,527,390,391,389,528,395,535,392,393,530,518,431,529,401],"hf_cat_product":[],"class_list":{"0":"post-1701","1":"product","2":"type-product","3":"status-publish","4":"has-post-thumbnail","6":"product_cat-ipar-gyar-eromu","7":"product_tag-acel","8":"product_tag-allo-durva","9":"product_tag-eromu","10":"product_tag-hoeromu","11":"product_tag-ipari","12":"product_tag-kezikerek","13":"product_tag-kopott","14":"product_tag-loft","15":"product_tag-nehezipar","16":"product_tag-ontottvas","17":"product_tag-retro-futurisztikus","18":"product_tag-rozsda","19":"product_tag-sarga","20":"product_tag-szelep","21":"product_tag-zold","22":"tm-has-options","24":"first","25":"instock","26":"purchasable","27":"product-type-simple"},"_links":{"self":[{"href":"https:\/\/ottostudio-props.com\/hu\/wp-json\/wp\/v2\/product\/1701","targetHints":{"allow":["GET"]}}],"collection":[{"href":"https:\/\/ottostudio-props.com\/hu\/wp-json\/wp\/v2\/product"}],"about":[{"href":"https:\/\/ottostudio-props.com\/hu\/wp-json\/wp\/v2\/types\/product"}],"wp:featuredmedia":[{"embeddable":true,"href":"https:\/\/ottostudio-props.com\/hu\/wp-json\/wp\/v2\/media\/1702"}],"wp:attachment":[{"href":"https:\/\/ottostudio-props.com\/hu\/wp-json\/wp\/v2\/media?parent=1701"}],"wp:term":[{"taxonomy":"product_brand","embeddable":true,"href":"https:\/\/ottostudio-props.com\/hu\/wp-json\/wp\/v2\/product_brand?post=1701"},{"taxonomy":"product_cat","embeddable":true,"href":"https:\/\/ottostudio-props.com\/hu\/wp-json\/wp\/v2\/product_cat?post=1701"},{"taxonomy":"product_tag","embeddable":true,"href":"https:\/\/ottostudio-props.com\/hu\/wp-json\/wp\/v2\/product_tag?post=1701"},{"taxonomy":"hf_cat_product","embeddable":true,"href":"https:\/\/ottostudio-props.com\/hu\/wp-json\/wp\/v2\/hf_cat_product?post=1701"}],"curies":[{"name":"wp","href":"https:\/\/api.w.org\/{rel}","templated":true}]}}